{"id":3328,"date":"2020-03-30T10:46:50","date_gmt":"2020-03-30T08:46:50","guid":{"rendered":"https:\/\/hotelspiaggia.com\/?page_id=3328"},"modified":"2025-11-24T10:31:20","modified_gmt":"2025-11-24T09:31:20","slug":"diensleistungen","status":"publish","type":"page","link":"https:\/\/hotelspiaggia.com\/de\/diensleistungen\/","title":{"rendered":"DIENSLEISTUNGEN"},"content":{"rendered":"<div class=\"wpb-content-wrapper\"><p>[vc_row full_width=&#8220;stretch_row_content_no_spaces&#8220; css=&#8220;.vc_custom_1497433955691{margin-bottom: 0px !important;}&#8220;][vc_column]\n\t\t\t<!-- START Servizi REVOLUTION SLIDER 6.7.25 --><p class=\"rs-p-wp-fix\"><\/p>\n\t\t\t<rs-module-wrap id=\"rev_slider_3_1_wrapper\" data-source=\"gallery\" style=\"visibility:hidden;background:#1f1d24;padding:0;margin:0px auto;margin-top:0;margin-bottom:0;\">\n\t\t\t\t<rs-module id=\"rev_slider_3_1\" style=\"\" data-version=\"6.7.25\">\n\t\t\t\t\t<rs-slides style=\"overflow: hidden; position: absolute;\">\n\t\t\t\t\t\t<rs-slide style=\"position: absolute;\" data-key=\"rs-14\" data-title=\"City Break\" data-thumb=\"\/\/hotelspiaggia.com\/wp-content\/uploads\/2020\/02\/foto-14-servizi-100x50.jpg\" data-anim=\"r:0;p:dark;\" data-in=\"o:0;\" data-out=\"o:0;\" data-p1=\"01\">\n\t\t\t\t\t\t\t<img decoding=\"async\" src=\"\/\/hotelspiaggia.com\/wp-content\/plugins\/revslider\/sr6\/assets\/assets\/dummy.png\" alt=\"\" title=\"hotel spiaggia servizio spiaggia convenzionata\" width=\"1600\" height=\"1071\" class=\"rev-slidebg tp-rs-img rs-lazyload\" data-lazyload=\"\/\/hotelspiaggia.com\/wp-content\/uploads\/2020\/02\/foto-14-servizi.jpg\" data-parallax=\"3\" data-no-retina>\n<!---->\t\t\t\t\t<\/rs-slide>\n\t\t\t\t\t\t<rs-slide style=\"position: absolute;\" data-key=\"rs-15\" data-title=\"Croatia\" data-thumb=\"\/\/hotelspiaggia.com\/wp-content\/uploads\/2020\/02\/slide-home-5-100x50.jpg\" data-anim=\"ms:2300;r:0;p:dark;\" data-in=\"o:0;\" data-out=\"o:0;\" data-p1=\"01\">\n\t\t\t\t\t\t\t<img decoding=\"async\" src=\"\/\/hotelspiaggia.com\/wp-content\/plugins\/revslider\/sr6\/assets\/assets\/dummy.png\" alt=\"\" title=\"slide-home-5\" width=\"1600\" height=\"1067\" class=\"rev-slidebg tp-rs-img rs-lazyload\" data-lazyload=\"\/\/hotelspiaggia.com\/wp-content\/uploads\/2020\/02\/slide-home-5.jpg\" data-parallax=\"3\" data-no-retina>\n<!---->\t\t\t\t\t<\/rs-slide>\n\t\t\t\t\t<\/rs-slides>\n\t\t\t\t<\/rs-module>\n\t\t\t\t<script>\n\t\t\t\t\tsetREVStartSize({c: 'rev_slider_3_1',rl:[1240,1024,778,480],el:[568,468,460,284],gw:[1240,1024,778,480],gh:[568,468,550,450],type:'standard',justify:'',layout:'fullwidth',mh:\"0\"});if (window.RS_MODULES!==undefined && window.RS_MODULES.modules!==undefined && window.RS_MODULES.modules[\"revslider31\"]!==undefined) {window.RS_MODULES.modules[\"revslider31\"].once = false;window.revapi3 = undefined;if (window.RS_MODULES.checkMinimal!==undefined) window.RS_MODULES.checkMinimal()}\n\t\t\t\t<\/script>\n\t\t\t<\/rs-module-wrap>\n\t\t\t<!-- END REVOLUTION SLIDER -->\n[\/vc_column][\/vc_row][vc_row full_width=&#8220;stretch_row_content_no_spaces&#8220; full_height=&#8220;yes&#8220; columns_placement=&#8220;top&#8220; content_placement=&#8220;top&#8220; css=&#8220;.vc_custom_1607966901708{background: #dff0fc url(https:\/\/hotelspiaggia.com\/wp-content\/uploads\/2020\/02\/S-home.png?id=1505) !important;background-position: 0 0 !important;background-repeat: no-repeat !important;}&#8220;][vc_column][vc_empty_space height=&#8220;12px&#8220;][vc_custom_heading text=&#8220;Hotel Spiaggia Diensleistungen&#8220; font_container=&#8220;tag:h1|font_size:41px|text_align:center&#8220; use_theme_fonts=&#8220;yes&#8220;][vc_custom_heading text=&#8220;DIE GARANTIE VON \u00dcBER 50 JAHREN DER H\u00d6FLICHKEIT&#8220; font_container=&#8220;tag:h3|text_align:center|color:%23e00202&#8243; use_theme_fonts=&#8220;yes&#8220;][vc_empty_space][vc_row_inner gap=&#8220;30&#8243;][vc_column_inner width=&#8220;1\/2&#8243;][vc_column_text]<\/p>\n<p style=\"text-align: justify; font-size: 18px;\"><strong>Neue Wellness-Pool<\/strong> mit gro\u00dfem Garten mit Liegest\u00fchlen und Sonnenschirmen.<strong><br \/>\n<\/strong><\/p>\n<p style=\"text-align: justify; font-size: 18px;\">Direkt Eingang zum ausger\u00fcsteten Sandstrand mit Rabattvereinbarung vom Hotel und Bademeister.<\/p>\n<p style=\"text-align: justify; font-size: 18px;\">Im Hochparterre befindet sich das Panorama Terrasse mit Whirlpool f\u00fcr eine tiefe Entspannung.<\/p>\n<p style=\"text-align: justify; font-size: 18px;\">Spielpl\u00e4tze innerhalb und au\u00dferhalb vom Hotel sichern unseren kleinen G\u00e4sten eine eingerichtete Zone f\u00fcr ihren Spa\u00df.<\/p>\n<p style=\"text-align: justify; font-size: 18px;\">Zahlung-parkplatz auf Anfrage nach Verf\u00fcgbarkeit. Fahrrad mir Geb\u00fchr. Frei Internet Wi-Fi.<\/p>\n<p>[\/vc_column_text][\/vc_column_inner][vc_column_inner width=&#8220;1\/2&#8243;][vc_column_text css=&#8220;&#8220;]<\/p>\n<p style=\"text-align: justify; font-size: 18px;\">Seit \u00fcber 60 Jahren f\u00fchrt die <strong>Familie Berti<\/strong> das Hotel Spiaggia und bietet dabei stets Freundlichkeit und Professionalit\u00e4t.<br \/>\n60 Jahre Tradition und Aufmerksamkeit sind die Garantie f\u00fcr unser Engagement, unseren G\u00e4sten die besten Qualit\u00e4tsleistungen zu bieten. Wir hei\u00dfen Sie mit einem herzlichen Willkommen willkommen!<\/p>\n<p>[\/vc_column_text][\/vc_column_inner][\/vc_row_inner][\/vc_column][\/vc_row][vc_row full_width=&#8220;stretch_row_content_no_spaces&#8220; full_height=&#8220;yes&#8220; columns_placement=&#8220;top&#8220; content_placement=&#8220;top&#8220;][vc_column width=&#8220;1\/12&#8243;][\/vc_column][vc_column width=&#8220;5\/6&#8243;][vc_empty_space height=&#8220;52px&#8220;][vc_tta_tabs style=&#8220;classic&#8220; shape=&#8220;square&#8220; color=&#8220;sky&#8220; spacing=&#8220;&#8220; gap=&#8220;10&#8243; alignment=&#8220;center&#8220; active_section=&#8220;1&#8243;][vc_tta_section i_icon_fontawesome=&#8220;fas fa-swimming-pool&#8220; add_icon=&#8220;true&#8220; title=&#8220;Schwimmbad&#8220; tab_id=&#8220;1581597989743-d3b51ae3-a9ff&#8220;][vc_empty_space height=&#8220;20px&#8220;][vc_row_inner][vc_column_inner][vc_column_text]<\/p>\n<p style=\"text-align: center;\">Um einen entspannenden Urlaub zu verbringen, bietet das Hotel Spiaggia das neue gro\u00dfe Wellness-pool in verschiedenen Relax- Zonen aufgeteilt an: wundersch\u00f6ne Unterwassermassage, zervikalen Massage, Total Body und Wasserbetten mit Wassermassage finden sich direkt am Strand in unserem gro\u00dfen Garten statt , der mit Liegest\u00fchlen und Sonnenschirme eingerichtet ist. Hier scheint die Sonne vom halben Vormittag bis zum Sonnenuntergang.<\/p>\n<div style=\"text-align: center;\"><strong><span style=\"color: #00ccff;\"><a style=\"color: #00ccff;\">GE\u00d6FFNET VOM 10 UHR BIS 20 UHR<\/a><\/span><\/strong><\/div>\n<p>[\/vc_column_text][vc_empty_space][vc_gallery type=&#8220;image_grid&#8220; images=&#8220;3555,3554,3552,3551,3546,3547,3538,3221,3558,3560,3561,3562,3563,3564,3565,3571,3572,3570,3569,3568,3567,3566&#8243; img_size=&#8220;220&#215;160&#8243; css=&#8220;.vc_custom_1723106411320{margin-right: 0px !important;margin-left: 0px !important;padding-right: 0px !important;padding-left: 0px !important;}&#8220;][\/vc_column_inner][\/vc_row_inner][\/vc_tta_section][vc_tta_section i_icon_fontawesome=&#8220;fas fa-utensils&#8220; add_icon=&#8220;true&#8220; title=&#8220;Restaurant&#8220; tab_id=&#8220;1723104480903-2d399440-4828&#8243;][vc_column_text]<\/p>\n<p style=\"text-align: center;\">In unserem klimatisierten Restaurant mit Meerblick k\u00f6nnen Sie das s\u00fc\u00dfe und herzhafte Fr\u00fchst\u00fccksbuffet genie\u00dfen, das wir jeden Morgen anbieten.<br \/>\nZum Mittag- und Abendessen finden Sie neben dem Vorspeisen-, Salat- und Gem\u00fcsebuffet den Tagesvorschlag mit traditionellen italienischen Gerichten und typisch regionalen Gerichten.[\/vc_column_text][vc_empty_space][vc_gallery type=&#8220;image_grid&#8220; images=&#8220;12612,12608,12604,12600,12588,12584,12580,12564,12560,12568,12576,12572,12508,12512,12500,12504&#8243; img_size=&#8220;220&#215;160&#8243; css=&#8220;.vc_custom_1723106418917{margin-right: 0px !important;margin-left: 0px !important;padding-right: 0px !important;padding-left: 0px !important;background-position: center !important;background-repeat: no-repeat !important;background-size: contain !important;}&#8220;][\/vc_tta_section][vc_tta_section i_icon_fontawesome=&#8220;fas fa-umbrella-beach&#8220; add_icon=&#8220;true&#8220; title=&#8220;Strand&#8220; tab_id=&#8220;1581597987167-ea5a1b72-0007&#8243;][vc_empty_space height=&#8220;20&#8243;][vc_row_inner][vc_column_inner][vc_column_text]<\/p>\n<p style=\"text-align: center;\">Unsere G\u00e4ste haben direkten Zugang zum Strand durch einen eigenen Eingang direkt vom Hotel. Hier liegt ein ganz renoviertes Strandbad mit Kabinen, Sonnenschirmen, Strandbetten und Liegest\u00fchlen, Snack-Bar \/ Restaurantbereich, Notfallsbereich; unter den zahlreichen Dienstleistungen stehen zu Ihrer Verf\u00fcgung: Kinderspielplatz, Beachvolley, Beachtennis , Beach-Basketball, Fu\u00dfball, Kegeln, Windsurfschule, Sicherheits- und Rettungsdienste. Der gro\u00dfe Sandstrand und das abfallende Meeresboden machen es einen idealen Ort f\u00fcr alle: Kinder und Erwachsene.<\/p>\n<p>[\/vc_column_text][vc_empty_space][vc_gallery type=&#8220;image_grid&#8220; images=&#8220;3576,3575,3574,3573,3218&#8243; img_size=&#8220;220&#215;160&#8243; css=&#8220;.vc_custom_1723106432612{margin-right: 0px !important;margin-left: 0px !important;padding-right: 0px !important;padding-left: 0px !important;background-position: center !important;background-repeat: no-repeat !important;background-size: contain !important;}&#8220;][\/vc_column_inner][\/vc_row_inner][\/vc_tta_section][vc_tta_section i_icon_fontawesome=&#8220;fas fa-shapes&#8220; add_icon=&#8220;true&#8220; title=&#8220;Kinder Spiele&#8220; tab_id=&#8220;1581597966613-8577ef8e-3926&#8243;][vc_empty_space height=&#8220;20px&#8220;][vc_row_inner][vc_column_inner][vc_column_text]<\/p>\n<p style=\"text-align: center;\">F\u00fcr Familien haben wir Spiele im Innen- und Au\u00dfenbereich, die besonders an unsere j\u00fcngsten G\u00e4ste gewidmet sind. Eine spezielle Verg\u00fcgungsarea, wo Kinderspiele und Ger\u00e4te f\u00fcr ihren Spa\u00df gibt und wo sie viele neue Freundschaften schlie\u00dfen k\u00f6nnen.<\/p>\n<p>[\/vc_column_text][vc_empty_space][vc_gallery type=&#8220;image_grid&#8220; images=&#8220;3579&#8243; img_size=&#8220;220&#215;160&#8243; css=&#8220;.vc_custom_1723106439210{margin-right: 0px !important;margin-left: 0px !important;padding-right: 0px !important;padding-left: 0px !important;background-position: center !important;background-repeat: no-repeat !important;background-size: contain !important;}&#8220;][\/vc_column_inner][\/vc_row_inner][\/vc_tta_section][vc_tta_section i_icon_fontawesome=&#8220;fas fa-walking&#8220; add_icon=&#8220;true&#8220; title=&#8220;Fitness Area&#8220; tab_id=&#8220;1581597914279-3b56ecf8-6e01&#8243;][vc_empty_space height=&#8220;20px&#8220;][vc_row_inner][vc_column_inner][vc_column_text]<\/p>\n<p style=\"text-align: center;\">Einen kleinen Fitnessbereich mit Blick auf den Garten und das Meer steht f\u00fcr unsere G\u00e4ste zur Verf\u00fcgung. Hier findet man Cyclette Heimtrainer und Laufband sowie einen Jacuzzi um sich nach dem Training zu entspannen . M\u00f6glichkeit von Muskelerweckung und leichte Gymnastik im Pool.<\/p>\n<p>[\/vc_column_text][vc_empty_space][vc_gallery type=&#8220;image_grid&#8220; images=&#8220;3577,3571&#8243; img_size=&#8220;220&#215;160&#8243; css=&#8220;.vc_custom_1723106445650{margin-right: 0px !important;margin-left: 0px !important;padding-right: 0px !important;padding-left: 0px !important;background-position: center !important;background-repeat: no-repeat !important;background-size: contain !important;}&#8220;][\/vc_column_inner][\/vc_row_inner][\/vc_tta_section][vc_tta_section i_icon_fontawesome=&#8220;fas fa-bicycle&#8220; add_icon=&#8220;true&#8220; title=&#8220;Fahrr\u00e4der&#8220; tab_id=&#8220;1581597914306-d37bec68-6933&#8243;][vc_empty_space height=&#8220;20px&#8220;][vc_row_inner][vc_column_inner][vc_column_text]<\/p>\n<p style=\"text-align: center;\"><span class=\"HwtZe\" lang=\"de\"><span class=\"jCAhz ChMk0b\"><span class=\"ryNqvb\">Das Hotel Spiaggia bietet seinen G\u00e4sten einen Fahrradverleih, mit dem Sie den gro\u00dfen Radweg (bicipolitana), den Stolz unserer Stadt, erkunden und die wundersch\u00f6ne Innenstadt von Pesaro mit ihren zahlreichen Kirchen, Denkm\u00e4lern und Geb\u00e4uden aus der Renaissance erkunden und entdecken k\u00f6nnen.<\/span><\/span><\/span><\/p>\n<p>[\/vc_column_text][vc_gallery type=&#8220;image_grid&#8220; images=&#8220;3578&#8243; img_size=&#8220;220&#215;160&#8243; css=&#8220;.vc_custom_1723106451906{margin-right: 0px !important;margin-left: 0px !important;padding-right: 0px !important;padding-left: 0px !important;background-position: center !important;background-repeat: no-repeat !important;background-size: contain !important;}&#8220;][\/vc_column_inner][\/vc_row_inner][\/vc_tta_section][vc_tta_section i_icon_fontawesome=&#8220;fas fa-car-alt&#8220; add_icon=&#8220;true&#8220; title=&#8220;Parkplatz&#8220; tab_id=&#8220;1581668803193-a0d70e80-47bf&#8220;][vc_empty_space height=&#8220;20px&#8220;][vc_row_inner][vc_column_inner][vc_column_text]<\/p>\n<p style=\"text-align: center;\">Das Hotel bietet einen Parkplatz mit Zugang durch elektronische Badge an. Der Parkplatz hat 33 geb\u00fchrenpflichtiger Pl\u00e4tze , die nach Verf\u00fcgbarkeit reserviert werden k\u00f6nnen.<\/p>\n<p>[\/vc_column_text][vc_gallery type=&#8220;image_grid&#8220; images=&#8220;3549,3559&#8243; img_size=&#8220;220&#215;160&#8243; css=&#8220;.vc_custom_1723106459149{margin-right: 0px !important;margin-left: 0px !important;padding-right: 0px !important;padding-left: 0px !important;background-position: center !important;background-repeat: no-repeat !important;background-size: contain !important;}&#8220;][\/vc_column_inner][\/vc_row_inner][\/vc_tta_section][vc_tta_section i_icon_fontawesome=&#8220;fas fa-wifi&#8220; add_icon=&#8220;true&#8220; title=&#8220;Internet&#8220; tab_id=&#8220;1581668814696-06b78748-fe90&#8243;][vc_empty_space height=&#8220;20px&#8220;][vc_row_inner][vc_column_inner][vc_column_text]<\/p>\n<p style=\"text-align: center;\">W-lan ist im Preis inbegriffen.<\/p>\n<p style=\"text-align: center;\">[\/vc_column_text][vc_gallery type=&#8220;image_grid&#8220; images=&#8220;3582&#8243; img_size=&#8220;220&#215;160&#8243; css=&#8220;.vc_custom_1737044559561{margin-right: 0px !important;margin-left: 0px !important;padding-right: 0px !important;padding-left: 0px !important;background-position: center !important;background-repeat: no-repeat !important;background-size: contain !important;}&#8220;][\/vc_column_inner][\/vc_row_inner][\/vc_tta_section][\/vc_tta_tabs][vc_empty_space][vc_empty_space height=&#8220;52px&#8220;][\/vc_column][vc_column width=&#8220;1\/12&#8243;][\/vc_column][\/vc_row][vc_row][vc_column][vc_column_text]<\/p>\n<p>[\/vc_column_text][\/vc_column][\/vc_row]<\/p>\n<\/div>","protected":false},"excerpt":{"rendered":"<p>[vc_row full_width=&#8220;stretch_row_content_no_spaces&#8220; css=&#8220;.vc_custom_1497433955691{margin-bottom: 0px !important;}&#8220;][vc_column][\/vc_column][\/vc_row][vc_row full_width=&#8220;stretch_row_content_no_spaces&#8220; full_height=&#8220;yes&#8220; columns_placement=&#8220;top&#8220; content_placement=&#8220;top&#8220; css=&#8220;.vc_custom_1607966901708{background: #dff0fc url(https:\/\/hotelspiaggia.com\/wp-content\/uploads\/2020\/02\/S-home.png?id=1505) !important;background-position: 0 0 !important;background-repeat: no-repeat !important;}&#8220;][vc_column][vc_empty_space height=&#8220;12px&#8220;][vc_custom_heading text=&#8220;Hotel Spiaggia Diensleistungen&#8220; font_container=&#8220;tag:h1|font_size:41px|text_align:center&#8220; use_theme_fonts=&#8220;yes&#8220;][vc_custom_heading text=&#8220;DIE GARANTIE VON \u00dcBER 50 JAHREN DER H\u00d6FLICHKEIT&#8220; font_container=&#8220;tag:h3|text_align:center|color:%23e00202&#8243; use_theme_fonts=&#8220;yes&#8220;][vc_empty_space][vc_row_inner gap=&#8220;30&#8243;][vc_column_inner width=&#8220;1\/2&#8243;][vc_column_text] Neue Wellness-Pool mit gro\u00dfem Garten mit Liegest\u00fchlen und Sonnenschirmen. Direkt Eingang zum ausger\u00fcsteten Sandstrand mit Rabattvereinbarung vom Hotel und&hellip;<\/p>\n","protected":false},"author":1,"featured_media":0,"parent":0,"menu_order":0,"comment_status":"closed","ping_status":"closed","template":"","meta":{"footnotes":""},"class_list":["post-3328","page","type-page","status-publish","hentry"],"yoast_head":"<!-- This site is optimized with the Yoast SEO plugin v27.0 - https:\/\/yoast.com\/product\/yoast-seo-wordpress\/ -->\n<title>DIENSLEISTUNGEN - Hotel Pesaro con Piscina 3 Stelle sul Mare<\/title>\n<meta name=\"robots\" content=\"index, follow, max-snippet:-1, max-image-preview:large, max-video-preview:-1\" \/>\n<link rel=\"canonical\" href=\"https:\/\/hotelspiaggia.com\/de\/diensleistungen\/\" \/>\n<meta property=\"og:locale\" content=\"de_DE\" \/>\n<meta property=\"og:type\" content=\"article\" \/>\n<meta property=\"og:title\" content=\"DIENSLEISTUNGEN - Hotel Pesaro con Piscina 3 Stelle sul Mare\" \/>\n<meta property=\"og:description\" content=\"[vc_row full_width=&#8220;stretch_row_content_no_spaces&#8220; css=&#8220;.vc_custom_1497433955691{margin-bottom: 0px !important;}&#8220;][vc_column][\/vc_column][\/vc_row][vc_row full_width=&#8220;stretch_row_content_no_spaces&#8220; full_height=&#8220;yes&#8220; columns_placement=&#8220;top&#8220; content_placement=&#8220;top&#8220; css=&#8220;.vc_custom_1607966901708{background: #dff0fc url(https:\/\/hotelspiaggia.com\/wp-content\/uploads\/2020\/02\/S-home.png?id=1505) !important;background-position: 0 0 !important;background-repeat: no-repeat !important;}&#8220;][vc_column][vc_empty_space height=&#8220;12px&#8220;][vc_custom_heading text=&#8220;Hotel Spiaggia Diensleistungen&#8220; font_container=&#8220;tag:h1|font_size:41px|text_align:center&#8220; use_theme_fonts=&#8220;yes&#8220;][vc_custom_heading text=&#8220;DIE GARANTIE VON \u00dcBER 50 JAHREN DER H\u00d6FLICHKEIT&#8220; font_container=&#8220;tag:h3|text_align:center|color:%23e00202&#8243; use_theme_fonts=&#8220;yes&#8220;][vc_empty_space][vc_row_inner gap=&#8220;30&#8243;][vc_column_inner width=&#8220;1\/2&#8243;][vc_column_text] Neue Wellness-Pool mit gro\u00dfem Garten mit Liegest\u00fchlen und Sonnenschirmen. Direkt Eingang zum ausger\u00fcsteten Sandstrand mit Rabattvereinbarung vom Hotel und&hellip;\" \/>\n<meta property=\"og:url\" content=\"https:\/\/hotelspiaggia.com\/de\/diensleistungen\/\" \/>\n<meta property=\"og:site_name\" content=\"Hotel Pesaro con Piscina 3 Stelle sul Mare\" \/>\n<meta property=\"article:publisher\" content=\"https:\/\/www.facebook.com\/hotelspiaggiapesaro\/\" \/>\n<meta property=\"article:modified_time\" content=\"2025-11-24T09:31:20+00:00\" \/>\n<meta name=\"twitter:card\" content=\"summary_large_image\" \/>\n<meta name=\"twitter:label1\" content=\"Gesch\u00e4tzte Lesezeit\" \/>\n\t<meta name=\"twitter:data1\" content=\"4\u00a0Minuten\" \/>\n<!-- \/ Yoast SEO plugin. -->","yoast_head_json":{"title":"DIENSLEISTUNGEN - Hotel Pesaro con Piscina 3 Stelle sul Mare","robots":{"index":"index","follow":"follow","max-snippet":"max-snippet:-1","max-image-preview":"max-image-preview:large","max-video-preview":"max-video-preview:-1"},"canonical":"https:\/\/hotelspiaggia.com\/de\/diensleistungen\/","og_locale":"de_DE","og_type":"article","og_title":"DIENSLEISTUNGEN - Hotel Pesaro con Piscina 3 Stelle sul Mare","og_description":"[vc_row full_width=&#8220;stretch_row_content_no_spaces&#8220; css=&#8220;.vc_custom_1497433955691{margin-bottom: 0px !important;}&#8220;][vc_column][\/vc_column][\/vc_row][vc_row full_width=&#8220;stretch_row_content_no_spaces&#8220; full_height=&#8220;yes&#8220; columns_placement=&#8220;top&#8220; content_placement=&#8220;top&#8220; css=&#8220;.vc_custom_1607966901708{background: #dff0fc url(https:\/\/hotelspiaggia.com\/wp-content\/uploads\/2020\/02\/S-home.png?id=1505) !important;background-position: 0 0 !important;background-repeat: no-repeat !important;}&#8220;][vc_column][vc_empty_space height=&#8220;12px&#8220;][vc_custom_heading text=&#8220;Hotel Spiaggia Diensleistungen&#8220; font_container=&#8220;tag:h1|font_size:41px|text_align:center&#8220; use_theme_fonts=&#8220;yes&#8220;][vc_custom_heading text=&#8220;DIE GARANTIE VON \u00dcBER 50 JAHREN DER H\u00d6FLICHKEIT&#8220; font_container=&#8220;tag:h3|text_align:center|color:%23e00202&#8243; use_theme_fonts=&#8220;yes&#8220;][vc_empty_space][vc_row_inner gap=&#8220;30&#8243;][vc_column_inner width=&#8220;1\/2&#8243;][vc_column_text] Neue Wellness-Pool mit gro\u00dfem Garten mit Liegest\u00fchlen und Sonnenschirmen. Direkt Eingang zum ausger\u00fcsteten Sandstrand mit Rabattvereinbarung vom Hotel und&hellip;","og_url":"https:\/\/hotelspiaggia.com\/de\/diensleistungen\/","og_site_name":"Hotel Pesaro con Piscina 3 Stelle sul Mare","article_publisher":"https:\/\/www.facebook.com\/hotelspiaggiapesaro\/","article_modified_time":"2025-11-24T09:31:20+00:00","twitter_card":"summary_large_image","twitter_misc":{"Gesch\u00e4tzte Lesezeit":"4\u00a0Minuten"},"schema":{"@context":"https:\/\/schema.org","@graph":[{"@type":"WebPage","@id":"https:\/\/hotelspiaggia.com\/de\/diensleistungen\/","url":"https:\/\/hotelspiaggia.com\/de\/diensleistungen\/","name":"DIENSLEISTUNGEN - Hotel Pesaro con Piscina 3 Stelle sul Mare","isPartOf":{"@id":"https:\/\/hotelspiaggia.com\/#website"},"datePublished":"2020-03-30T08:46:50+00:00","dateModified":"2025-11-24T09:31:20+00:00","breadcrumb":{"@id":"https:\/\/hotelspiaggia.com\/de\/diensleistungen\/#breadcrumb"},"inLanguage":"de","potentialAction":[{"@type":"ReadAction","target":["https:\/\/hotelspiaggia.com\/de\/diensleistungen\/"]}]},{"@type":"BreadcrumbList","@id":"https:\/\/hotelspiaggia.com\/de\/diensleistungen\/#breadcrumb","itemListElement":[{"@type":"ListItem","position":1,"name":"Home","item":"https:\/\/hotelspiaggia.com\/de\/"},{"@type":"ListItem","position":2,"name":"DIENSLEISTUNGEN"}]},{"@type":"WebSite","@id":"https:\/\/hotelspiaggia.com\/#website","url":"https:\/\/hotelspiaggia.com\/","name":"https:\/\/hotelspiaggia.com\/","description":"Hotel Spiaggia Pesaro","publisher":{"@id":"https:\/\/hotelspiaggia.com\/#organization"},"potentialAction":[{"@type":"SearchAction","target":{"@type":"EntryPoint","urlTemplate":"https:\/\/hotelspiaggia.com\/?s={search_term_string}"},"query-input":{"@type":"PropertyValueSpecification","valueRequired":true,"valueName":"search_term_string"}}],"inLanguage":"de"},{"@type":"Organization","@id":"https:\/\/hotelspiaggia.com\/#organization","name":"Hotel Spiaggia Pesaro","url":"https:\/\/hotelspiaggia.com\/","logo":{"@type":"ImageObject","inLanguage":"de","@id":"https:\/\/hotelspiaggia.com\/#\/schema\/logo\/image\/","url":"https:\/\/hotelspiaggia.com\/wp-content\/uploads\/2020\/04\/spiaggia-logo-home.png","contentUrl":"https:\/\/hotelspiaggia.com\/wp-content\/uploads\/2020\/04\/spiaggia-logo-home.png","width":436,"height":130,"caption":"Hotel Spiaggia Pesaro"},"image":{"@id":"https:\/\/hotelspiaggia.com\/#\/schema\/logo\/image\/"},"sameAs":["https:\/\/www.facebook.com\/hotelspiaggiapesaro\/","https:\/\/www.instagram.com\/hotelspiaggiapesaro\/"]}]}},"_links":{"self":[{"href":"https:\/\/hotelspiaggia.com\/de\/wp-json\/wp\/v2\/pages\/3328","targetHints":{"allow":["GET"]}}],"collection":[{"href":"https:\/\/hotelspiaggia.com\/de\/wp-json\/wp\/v2\/pages"}],"about":[{"href":"https:\/\/hotelspiaggia.com\/de\/wp-json\/wp\/v2\/types\/page"}],"author":[{"embeddable":true,"href":"https:\/\/hotelspiaggia.com\/de\/wp-json\/wp\/v2\/users\/1"}],"replies":[{"embeddable":true,"href":"https:\/\/hotelspiaggia.com\/de\/wp-json\/wp\/v2\/comments?post=3328"}],"version-history":[{"count":10,"href":"https:\/\/hotelspiaggia.com\/de\/wp-json\/wp\/v2\/pages\/3328\/revisions"}],"predecessor-version":[{"id":14370,"href":"https:\/\/hotelspiaggia.com\/de\/wp-json\/wp\/v2\/pages\/3328\/revisions\/14370"}],"wp:attachment":[{"href":"https:\/\/hotelspiaggia.com\/de\/wp-json\/wp\/v2\/media?parent=3328"}],"curies":[{"name":"wp","href":"https:\/\/api.w.org\/{rel}","templated":true}]}}