{"id":3357,"date":"2020-03-31T10:00:04","date_gmt":"2020-03-31T08:00:04","guid":{"rendered":"https:\/\/hotelspiaggia.com\/?page_id=3357"},"modified":"2020-03-31T11:32:08","modified_gmt":"2020-03-31T09:32:08","slug":"umgebung","status":"publish","type":"page","link":"https:\/\/hotelspiaggia.com\/de\/umgebung\/","title":{"rendered":"Umgebung"},"content":{"rendered":"<div class=\"wpb-content-wrapper\"><p>[vc_row full_width=&#8220;stretch_row_content_no_spaces&#8220; css=&#8220;.vc_custom_1497433955691{margin-bottom: 0px !important;}&#8220;][vc_column]\n\t\t\t<!-- START Pesaro e dintorni REVOLUTION SLIDER 6.7.25 --><p class=\"rs-p-wp-fix\"><\/p>\n\t\t\t<rs-module-wrap id=\"rev_slider_6_1_wrapper\" data-source=\"gallery\" style=\"visibility:hidden;background:#1f1d24;padding:0;margin:0px auto;margin-top:0;margin-bottom:0;\">\n\t\t\t\t<rs-module id=\"rev_slider_6_1\" style=\"\" data-version=\"6.7.25\">\n\t\t\t\t\t<rs-slides style=\"overflow: hidden; position: absolute;\">\n\t\t\t\t\t\t<rs-slide style=\"position: absolute;\" data-key=\"rs-26\" data-title=\"Greece\" data-thumb=\"\/\/hotelspiaggia.com\/wp-content\/uploads\/2020\/02\/gradara-100x50.jpg\" data-anim=\"ms:2300;r:0;p:dark;\" data-in=\"o:0;\" data-out=\"o:0;\" data-p1=\"01\">\n\t\t\t\t\t\t\t<img decoding=\"async\" src=\"\/\/hotelspiaggia.com\/wp-content\/plugins\/revslider\/sr6\/assets\/assets\/dummy.png\" alt=\"\" title=\"hotel spiaggia dintorni gradara\" width=\"1600\" height=\"1067\" class=\"rev-slidebg tp-rs-img rs-lazyload\" data-lazyload=\"\/\/hotelspiaggia.com\/wp-content\/uploads\/2020\/02\/gradara.jpg\" data-bg=\"p:0% 35%;\" data-parallax=\"3\" data-no-retina>\n<!---->\t\t\t\t\t<\/rs-slide>\n\t\t\t\t\t\t<rs-slide style=\"position: absolute;\" data-key=\"rs-27\" data-title=\"City Break\" data-thumb=\"\/\/hotelspiaggia.com\/wp-content\/uploads\/2020\/02\/gradara-100x50.jpg\" data-anim=\"r:0;p:dark;\" data-in=\"o:0;\" data-out=\"o:0;\" data-p1=\"01\">\n\t\t\t\t\t\t\t<img decoding=\"async\" src=\"\/\/hotelspiaggia.com\/wp-content\/plugins\/revslider\/sr6\/assets\/assets\/dummy.png\" alt=\"\" title=\"hotel spiaggia dintorni gradara\" width=\"1600\" height=\"1067\" class=\"rev-slidebg tp-rs-img rs-lazyload\" data-lazyload=\"\/\/hotelspiaggia.com\/wp-content\/uploads\/2020\/02\/gradara.jpg\" data-parallax=\"3\" data-no-retina>\n<!---->\t\t\t\t\t<\/rs-slide>\n\t\t\t\t\t\t<rs-slide style=\"position: absolute;\" data-key=\"rs-28\" data-title=\"Croatia\" data-thumb=\"\/\/hotelspiaggia.com\/wp-content\/uploads\/2020\/02\/urbino-100x50.jpg\" data-anim=\"ms:2300;r:0;p:dark;\" data-in=\"o:0;\" data-out=\"o:0;\" data-p1=\"01\">\n\t\t\t\t\t\t\t<img decoding=\"async\" src=\"\/\/hotelspiaggia.com\/wp-content\/plugins\/revslider\/sr6\/assets\/assets\/dummy.png\" alt=\"\" title=\"hotel spiaggia dintorni urbino\" width=\"1600\" height=\"1002\" class=\"rev-slidebg tp-rs-img rs-lazyload\" data-lazyload=\"\/\/hotelspiaggia.com\/wp-content\/uploads\/2020\/02\/urbino.jpg\" data-bg=\"p:center top;\" data-parallax=\"3\" data-no-retina>\n<!---->\t\t\t\t\t<\/rs-slide>\n\t\t\t\t\t<\/rs-slides>\n\t\t\t\t<\/rs-module>\n\t\t\t\t<script>\n\t\t\t\t\tsetREVStartSize({c: 'rev_slider_6_1',rl:[1240,1024,778,480],el:[568,768,960,720],gw:[1240,1024,778,480],gh:[568,468,550,450],type:'standard',justify:'',layout:'fullwidth',mh:\"0\"});if (window.RS_MODULES!==undefined && window.RS_MODULES.modules!==undefined && window.RS_MODULES.modules[\"revslider61\"]!==undefined) {window.RS_MODULES.modules[\"revslider61\"].once = false;window.revapi6 = undefined;if (window.RS_MODULES.checkMinimal!==undefined) window.RS_MODULES.checkMinimal()}\n\t\t\t\t<\/script>\n\t\t\t<\/rs-module-wrap>\n\t\t\t<!-- END REVOLUTION SLIDER -->\n[\/vc_column][\/vc_row][vc_row full_width=&#8220;stretch_row_content&#8220; css=&#8220;.vc_custom_1582882710254{background-position: 0 0 !important;background-repeat: no-repeat !important;}&#8220;][vc_column][vc_empty_space height=&#8220;12px&#8220;][vc_custom_heading text=&#8220;Sehensw\u00fcrdigkeiten Pesaro und Umgebung&#8220; font_container=&#8220;tag:h1|font_size:41px|text_align:center&#8220; use_theme_fonts=&#8220;yes&#8220;][vc_custom_heading text=&#8220;PESARO ZWISCHEN KUNST UND KULTUR&#8220; font_container=&#8220;tag:h3|text_align:center|color:%23e00202&#8243; use_theme_fonts=&#8220;yes&#8220;][vc_empty_space][vc_row_inner][vc_column_inner width=&#8220;1\/2&#8243;][vc_column_text]<\/p>\n<p style=\"text-align: justify; font-size: 18px;\"><strong>Magischer Ort Pesaro<\/strong>, ber\u00fchmt f\u00fcr in den H\u00fcgeln in der Geburtsstadt von Gioachino Rossini Eingebettet ist, steigt aus dem Meer Sie mittelalterliche D\u00f6rfer, Kleinst\u00e4dte, unber\u00fchrte Natur und voller Geschichte und Tradition bewundern k\u00f6nnen.<\/p>\n<p style=\"text-align: justify; font-size: 18px;\">Es gibt zahlreiche kulturelle Veranstaltungen und reinige sie, Museen und Pal\u00e4ste zu besuchen.<\/p>\n<p>[\/vc_column_text][\/vc_column_inner][vc_column_inner width=&#8220;1\/2&#8243;][vc_column_text]<\/p>\n<p style=\"text-align: justify; font-size: 18px;\"><strong><span class=\"tlid-translation translation\" lang=\"de\"><span class=\"\" title=\"\">Orte Pesaro<\/span><\/span>:<br \/>\n<\/strong>Casa Rossini.<br \/>\nSfera Grande.<br \/>\nVilla Imperiale.<br \/>\nRocca Costanza.<br \/>\nPalazzo Ducale.<br \/>\nVillino Ruggeri.<br \/>\nTeatro Rossini.<br \/>\nVilla Caprile.<\/p>\n<p>[\/vc_column_text][\/vc_column_inner][\/vc_row_inner][\/vc_column][\/vc_row][vc_row full_height=&#8220;yes&#8220;][vc_column][vc_empty_space height=&#8220;52px&#8220;][lab_blog_posts columns=&#8220;2&#8243; hover_layer_icon=&#8220;custom&#8220; blog_query=&#8220;size:All|order_by:date|post_type:post|categories:52&#8243;][vc_empty_space height=&#8220;52px&#8220;][\/vc_column][\/vc_row]<\/p>\n<\/div>","protected":false},"excerpt":{"rendered":"<p>[vc_row full_width=&#8220;stretch_row_content_no_spaces&#8220; css=&#8220;.vc_custom_1497433955691{margin-bottom: 0px !important;}&#8220;][vc_column][\/vc_column][\/vc_row][vc_row full_width=&#8220;stretch_row_content&#8220; css=&#8220;.vc_custom_1582882710254{background-position: 0 0 !important;background-repeat: no-repeat !important;}&#8220;][vc_column][vc_empty_space height=&#8220;12px&#8220;][vc_custom_heading text=&#8220;Sehensw\u00fcrdigkeiten Pesaro und Umgebung&#8220; font_container=&#8220;tag:h1|font_size:41px|text_align:center&#8220; use_theme_fonts=&#8220;yes&#8220;][vc_custom_heading text=&#8220;PESARO ZWISCHEN KUNST UND KULTUR&#8220; font_container=&#8220;tag:h3|text_align:center|color:%23e00202&#8243; use_theme_fonts=&#8220;yes&#8220;][vc_empty_space][vc_row_inner][vc_column_inner width=&#8220;1\/2&#8243;][vc_column_text] Magischer Ort Pesaro, ber\u00fchmt f\u00fcr in den H\u00fcgeln in der Geburtsstadt von Gioachino Rossini Eingebettet ist, steigt aus dem Meer Sie mittelalterliche D\u00f6rfer, Kleinst\u00e4dte, unber\u00fchrte Natur und voller&hellip;<\/p>\n","protected":false},"author":1,"featured_media":0,"parent":0,"menu_order":0,"comment_status":"closed","ping_status":"closed","template":"","meta":{"footnotes":""},"class_list":["post-3357","page","type-page","status-publish","hentry"],"yoast_head":"<!-- This site is optimized with the Yoast SEO plugin v27.0 - https:\/\/yoast.com\/product\/yoast-seo-wordpress\/ -->\n<title>Umgebung - Hotel Pesaro con Piscina 3 Stelle sul Mare<\/title>\n<meta name=\"robots\" content=\"index, follow, max-snippet:-1, max-image-preview:large, max-video-preview:-1\" \/>\n<link rel=\"canonical\" href=\"https:\/\/hotelspiaggia.com\/pesaro-e-dintorni\/\" \/>\n<meta property=\"og:locale\" content=\"de_DE\" \/>\n<meta property=\"og:type\" content=\"article\" \/>\n<meta property=\"og:title\" content=\"Umgebung - Hotel Pesaro con Piscina 3 Stelle sul Mare\" \/>\n<meta property=\"og:description\" content=\"[vc_row full_width=&#8220;stretch_row_content_no_spaces&#8220; css=&#8220;.vc_custom_1497433955691{margin-bottom: 0px !important;}&#8220;][vc_column][\/vc_column][\/vc_row][vc_row full_width=&#8220;stretch_row_content&#8220; css=&#8220;.vc_custom_1582882710254{background-position: 0 0 !important;background-repeat: no-repeat !important;}&#8220;][vc_column][vc_empty_space height=&#8220;12px&#8220;][vc_custom_heading text=&#8220;Sehensw\u00fcrdigkeiten Pesaro und Umgebung&#8220; font_container=&#8220;tag:h1|font_size:41px|text_align:center&#8220; use_theme_fonts=&#8220;yes&#8220;][vc_custom_heading text=&#8220;PESARO ZWISCHEN KUNST UND KULTUR&#8220; font_container=&#8220;tag:h3|text_align:center|color:%23e00202&#8243; use_theme_fonts=&#8220;yes&#8220;][vc_empty_space][vc_row_inner][vc_column_inner width=&#8220;1\/2&#8243;][vc_column_text] Magischer Ort Pesaro, ber\u00fchmt f\u00fcr in den H\u00fcgeln in der Geburtsstadt von Gioachino Rossini Eingebettet ist, steigt aus dem Meer Sie mittelalterliche D\u00f6rfer, Kleinst\u00e4dte, unber\u00fchrte Natur und voller&hellip;\" \/>\n<meta property=\"og:url\" content=\"https:\/\/hotelspiaggia.com\/pesaro-e-dintorni\/\" \/>\n<meta property=\"og:site_name\" content=\"Hotel Pesaro con Piscina 3 Stelle sul Mare\" \/>\n<meta property=\"article:publisher\" content=\"https:\/\/www.facebook.com\/hotelspiaggiapesaro\/\" \/>\n<meta property=\"article:modified_time\" content=\"2020-03-31T09:32:08+00:00\" \/>\n<meta name=\"twitter:card\" content=\"summary_large_image\" \/>\n<meta name=\"twitter:label1\" content=\"Gesch\u00e4tzte Lesezeit\" \/>\n\t<meta name=\"twitter:data1\" content=\"1\u00a0Minute\" \/>\n<!-- \/ Yoast SEO plugin. -->","yoast_head_json":{"title":"Umgebung - Hotel Pesaro con Piscina 3 Stelle sul Mare","robots":{"index":"index","follow":"follow","max-snippet":"max-snippet:-1","max-image-preview":"max-image-preview:large","max-video-preview":"max-video-preview:-1"},"canonical":"https:\/\/hotelspiaggia.com\/pesaro-e-dintorni\/","og_locale":"de_DE","og_type":"article","og_title":"Umgebung - Hotel Pesaro con Piscina 3 Stelle sul Mare","og_description":"[vc_row full_width=&#8220;stretch_row_content_no_spaces&#8220; css=&#8220;.vc_custom_1497433955691{margin-bottom: 0px !important;}&#8220;][vc_column][\/vc_column][\/vc_row][vc_row full_width=&#8220;stretch_row_content&#8220; css=&#8220;.vc_custom_1582882710254{background-position: 0 0 !important;background-repeat: no-repeat !important;}&#8220;][vc_column][vc_empty_space height=&#8220;12px&#8220;][vc_custom_heading text=&#8220;Sehensw\u00fcrdigkeiten Pesaro und Umgebung&#8220; font_container=&#8220;tag:h1|font_size:41px|text_align:center&#8220; use_theme_fonts=&#8220;yes&#8220;][vc_custom_heading text=&#8220;PESARO ZWISCHEN KUNST UND KULTUR&#8220; font_container=&#8220;tag:h3|text_align:center|color:%23e00202&#8243; use_theme_fonts=&#8220;yes&#8220;][vc_empty_space][vc_row_inner][vc_column_inner width=&#8220;1\/2&#8243;][vc_column_text] Magischer Ort Pesaro, ber\u00fchmt f\u00fcr in den H\u00fcgeln in der Geburtsstadt von Gioachino Rossini Eingebettet ist, steigt aus dem Meer Sie mittelalterliche D\u00f6rfer, Kleinst\u00e4dte, unber\u00fchrte Natur und voller&hellip;","og_url":"https:\/\/hotelspiaggia.com\/pesaro-e-dintorni\/","og_site_name":"Hotel Pesaro con Piscina 3 Stelle sul Mare","article_publisher":"https:\/\/www.facebook.com\/hotelspiaggiapesaro\/","article_modified_time":"2020-03-31T09:32:08+00:00","twitter_card":"summary_large_image","twitter_misc":{"Gesch\u00e4tzte Lesezeit":"1\u00a0Minute"},"schema":{"@context":"https:\/\/schema.org","@graph":[{"@type":"WebPage","@id":"https:\/\/hotelspiaggia.com\/pesaro-e-dintorni\/","url":"https:\/\/hotelspiaggia.com\/pesaro-e-dintorni\/","name":"Umgebung - Hotel Pesaro con Piscina 3 Stelle sul Mare","isPartOf":{"@id":"https:\/\/hotelspiaggia.com\/#website"},"datePublished":"2020-03-31T08:00:04+00:00","dateModified":"2020-03-31T09:32:08+00:00","breadcrumb":{"@id":"https:\/\/hotelspiaggia.com\/pesaro-e-dintorni\/#breadcrumb"},"inLanguage":"de","potentialAction":[{"@type":"ReadAction","target":["https:\/\/hotelspiaggia.com\/pesaro-e-dintorni\/"]}]},{"@type":"BreadcrumbList","@id":"https:\/\/hotelspiaggia.com\/pesaro-e-dintorni\/#breadcrumb","itemListElement":[{"@type":"ListItem","position":1,"name":"Home","item":"https:\/\/hotelspiaggia.com\/de\/"},{"@type":"ListItem","position":2,"name":"Umgebung"}]},{"@type":"WebSite","@id":"https:\/\/hotelspiaggia.com\/#website","url":"https:\/\/hotelspiaggia.com\/","name":"https:\/\/hotelspiaggia.com\/","description":"Hotel Spiaggia Pesaro","publisher":{"@id":"https:\/\/hotelspiaggia.com\/#organization"},"potentialAction":[{"@type":"SearchAction","target":{"@type":"EntryPoint","urlTemplate":"https:\/\/hotelspiaggia.com\/?s={search_term_string}"},"query-input":{"@type":"PropertyValueSpecification","valueRequired":true,"valueName":"search_term_string"}}],"inLanguage":"de"},{"@type":"Organization","@id":"https:\/\/hotelspiaggia.com\/#organization","name":"Hotel Spiaggia Pesaro","url":"https:\/\/hotelspiaggia.com\/","logo":{"@type":"ImageObject","inLanguage":"de","@id":"https:\/\/hotelspiaggia.com\/#\/schema\/logo\/image\/","url":"https:\/\/hotelspiaggia.com\/wp-content\/uploads\/2020\/04\/spiaggia-logo-home.png","contentUrl":"https:\/\/hotelspiaggia.com\/wp-content\/uploads\/2020\/04\/spiaggia-logo-home.png","width":436,"height":130,"caption":"Hotel Spiaggia Pesaro"},"image":{"@id":"https:\/\/hotelspiaggia.com\/#\/schema\/logo\/image\/"},"sameAs":["https:\/\/www.facebook.com\/hotelspiaggiapesaro\/","https:\/\/www.instagram.com\/hotelspiaggiapesaro\/"]}]}},"_links":{"self":[{"href":"https:\/\/hotelspiaggia.com\/de\/wp-json\/wp\/v2\/pages\/3357","targetHints":{"allow":["GET"]}}],"collection":[{"href":"https:\/\/hotelspiaggia.com\/de\/wp-json\/wp\/v2\/pages"}],"about":[{"href":"https:\/\/hotelspiaggia.com\/de\/wp-json\/wp\/v2\/types\/page"}],"author":[{"embeddable":true,"href":"https:\/\/hotelspiaggia.com\/de\/wp-json\/wp\/v2\/users\/1"}],"replies":[{"embeddable":true,"href":"https:\/\/hotelspiaggia.com\/de\/wp-json\/wp\/v2\/comments?post=3357"}],"version-history":[{"count":0,"href":"https:\/\/hotelspiaggia.com\/de\/wp-json\/wp\/v2\/pages\/3357\/revisions"}],"wp:attachment":[{"href":"https:\/\/hotelspiaggia.com\/de\/wp-json\/wp\/v2\/media?parent=3357"}],"curies":[{"name":"wp","href":"https:\/\/api.w.org\/{rel}","templated":true}]}}