{"id":3704,"date":"2020-03-31T12:48:20","date_gmt":"2020-03-31T10:48:20","guid":{"rendered":"https:\/\/hotelspiaggia.com\/?page_id=3704"},"modified":"2023-12-07T11:30:34","modified_gmt":"2023-12-07T10:30:34","slug":"faq","status":"publish","type":"page","link":"https:\/\/hotelspiaggia.com\/fr\/faq\/","title":{"rendered":"Faq"},"content":{"rendered":"<div class=\"wpb-content-wrapper\"><p>[vc_row full_width=\u00a0\u00bbstretch_row_content_no_spaces\u00a0\u00bb css=\u00a0\u00bb.vc_custom_1497433955691{margin-bottom: 0px !important;}\u00a0\u00bb][vc_column]\n\t\t\t<!-- START Servizi REVOLUTION SLIDER 6.7.25 --><p class=\"rs-p-wp-fix\"><\/p>\n\t\t\t<rs-module-wrap id=\"rev_slider_3_1_wrapper\" data-source=\"gallery\" style=\"visibility:hidden;background:#1f1d24;padding:0;margin:0px auto;margin-top:0;margin-bottom:0;\">\n\t\t\t\t<rs-module id=\"rev_slider_3_1\" style=\"\" data-version=\"6.7.25\">\n\t\t\t\t\t<rs-slides style=\"overflow: hidden; position: absolute;\">\n\t\t\t\t\t\t<rs-slide style=\"position: absolute;\" data-key=\"rs-14\" data-title=\"City Break\" data-thumb=\"\/\/hotelspiaggia.com\/wp-content\/uploads\/2020\/02\/foto-14-servizi-100x50.jpg\" data-anim=\"r:0;p:dark;\" data-in=\"o:0;\" data-out=\"o:0;\" data-p1=\"01\">\n\t\t\t\t\t\t\t<img decoding=\"async\" src=\"\/\/hotelspiaggia.com\/wp-content\/plugins\/revslider\/sr6\/assets\/assets\/dummy.png\" alt=\"\" title=\"hotel spiaggia servizio spiaggia convenzionata\" width=\"1600\" height=\"1071\" class=\"rev-slidebg tp-rs-img rs-lazyload\" data-lazyload=\"\/\/hotelspiaggia.com\/wp-content\/uploads\/2020\/02\/foto-14-servizi.jpg\" data-parallax=\"3\" data-no-retina>\n<!---->\t\t\t\t\t<\/rs-slide>\n\t\t\t\t\t\t<rs-slide style=\"position: absolute;\" data-key=\"rs-15\" data-title=\"Croatia\" data-thumb=\"\/\/hotelspiaggia.com\/wp-content\/uploads\/2020\/02\/slide-home-5-100x50.jpg\" data-anim=\"ms:2300;r:0;p:dark;\" data-in=\"o:0;\" data-out=\"o:0;\" data-p1=\"01\">\n\t\t\t\t\t\t\t<img decoding=\"async\" src=\"\/\/hotelspiaggia.com\/wp-content\/plugins\/revslider\/sr6\/assets\/assets\/dummy.png\" alt=\"\" title=\"slide-home-5\" width=\"1600\" height=\"1067\" class=\"rev-slidebg tp-rs-img rs-lazyload\" data-lazyload=\"\/\/hotelspiaggia.com\/wp-content\/uploads\/2020\/02\/slide-home-5.jpg\" data-parallax=\"3\" data-no-retina>\n<!---->\t\t\t\t\t<\/rs-slide>\n\t\t\t\t\t<\/rs-slides>\n\t\t\t\t<\/rs-module>\n\t\t\t\t<script>\n\t\t\t\t\tsetREVStartSize({c: 'rev_slider_3_1',rl:[1240,1024,778,480],el:[568,468,460,284],gw:[1240,1024,778,480],gh:[568,468,550,450],type:'standard',justify:'',layout:'fullwidth',mh:\"0\"});if (window.RS_MODULES!==undefined && window.RS_MODULES.modules!==undefined && window.RS_MODULES.modules[\"revslider31\"]!==undefined) {window.RS_MODULES.modules[\"revslider31\"].once = false;window.revapi3 = undefined;if (window.RS_MODULES.checkMinimal!==undefined) window.RS_MODULES.checkMinimal()}\n\t\t\t\t<\/script>\n\t\t\t<\/rs-module-wrap>\n\t\t\t<!-- END REVOLUTION SLIDER -->\n[\/vc_column][\/vc_row][vc_row full_width=\u00a0\u00bbstretch_row\u00a0\u00bb css=\u00a0\u00bb.vc_custom_1582027466182{background: #dff0fc url(https:\/\/hotelspiaggia.com\/wp-content\/uploads\/2020\/02\/S-home.png?id=1505) !important;background-position: 0 0 !important;background-repeat: no-repeat !important;}\u00a0\u00bb][vc_column][vc_empty_space][vc_custom_heading text=\u00a0\u00bbQuestions fr\u00e9quemment pos\u00e9es\u00a0\u00bb font_container=\u00a0\u00bbtag:h1|font_size:41px|text_align:center\u00a0\u00bb use_theme_fonts=\u00a0\u00bbyes\u00a0\u00bb][vc_custom_heading text=\u00a0\u00bbLA GARANTIE DE PLUS DE 50 ANS DE COURTOISIE\u00a0\u00bb font_container=\u00a0\u00bbtag:h3|text_align:center|color:%23e00202&Prime; use_theme_fonts=\u00a0\u00bbyes\u00a0\u00bb][vc_empty_space height=\u00a0\u00bb52px\u00a0\u00bb][vc_toggle title=\u00a0\u00bbLA POSITION DE L\u0092&rsquo;HOTEL\u00a0\u00bb style=\u00a0\u00bbsquare\u00a0\u00bb color=\u00a0\u00bbsky\u00a0\u00bb size=\u00a0\u00bblg\u00a0\u00bb open=\u00a0\u00bbtrue\u00a0\u00bb css_animation=\u00a0\u00bbnone\u00a0\u00bb]Sur la plage avec acces direct, sans rues a traverser. L&rsquo;\u0092h\u00f4tel est plac\u00e9, a 10 minutes des rues pi\u00e9tonnes du centre historique du Pesaro.[\/vc_toggle][vc_toggle title=\u00a0\u00bbSTATIONAMENT\u00a0\u00bb style=\u00a0\u00bbsquare\u00a0\u00bb color=\u00a0\u00bbsky\u00a0\u00bb size=\u00a0\u00bblg\u00a0\u00bb]L&rsquo;\u0092h\u00f4tel dispose d\u0092&rsquo;un parking a requ\u00eate si disponibilit\u00e9. Nous conseillons la r\u00e9servation, le suppl\u00e9ment est du \u20ac 8 par jour pour un\u00a0 minimum de 3 jours. Prix\u00a0 par jour pour moins de 3 jours \u20ac 10. Vous pouvez garer la voiture aussi a l&rsquo;\u0092ext\u00e9rieur, gratuitement. Si vous n\u0092&rsquo;aimez pas\u00a0 laisser votre voiture dehors, \u00e0 1200 metres il y a un parking &lsquo; il curvone &lsquo; a plusieurs \u00e9tages. Conditions avantageuses pour nos clients.[\/vc_toggle][vc_toggle title=\u00a0\u00bbARRIVANT EN TRAIN\u00a0\u00bb style=\u00a0\u00bbsquare\u00a0\u00bb color=\u00a0\u00bbsky\u00a0\u00bb size=\u00a0\u00bblg\u00a0\u00bb]Le gare de Pesaro se trouve a 2 km de l&rsquo;\u0092h\u00f4tel, le tarif pour le transfert en taxi est environ \u0080 12 \u20ac. En moyen publique, prenez bus num\u00e9ro 61, descendez en Viale Trieste, arr\u00eat \u0093Embassy\u0094. Nous sommes en 30 metres.[\/vc_toggle][vc_toggle title=\u00a0\u00bbCHECK IN: \u00c1 quelle heure la chambre est a notre disposition?\u00a0\u00bb style=\u00a0\u00bbsquare\u00a0\u00bb color=\u00a0\u00bbsky\u00a0\u00bb size=\u00a0\u00bblg\u00a0\u00bb]N\u00f4tre objectif est r\u00e9duire au minimum le temps d&rsquo;\u0092attente. Si la chambre n&rsquo;\u0092\u00e9tait pas occup\u00e9e la nuit avant votre arriv\u00e9e, nous vous l&rsquo;\u0092assignons des le matin, autrement il faut attendre qu\u0092elle vient d\u0092&rsquo;\u00eatre d\u00e9gag\u00e9e au plus tard \u00e0 12 heures et demi.[\/vc_toggle][vc_toggle title=\u00a0\u00bbCHECK OUT: Jusq\u0092&rsquo; \u00e0 quelle heure on peut tenir la chambre, le jour de d\u00e9part?\u00a0\u00bb style=\u00a0\u00bbsquare\u00a0\u00bb color=\u00a0\u00bbsky\u00a0\u00bb size=\u00a0\u00bblg\u00a0\u00bb]Le jour de d\u00e9part la chambre doit etre d\u00e9gager a 10 heures.[\/vc_toggle][vc_toggle title=\u00a0\u00bbLA PLAGE\u00a0\u00bb style=\u00a0\u00bbsquare\u00a0\u00bb color=\u00a0\u00bbsky\u00a0\u00bb size=\u00a0\u00bblg\u00a0\u00bb]La vaste plage du sable fine donne facile acces pour des familles avec des enfants, le niveau d&rsquo;\u0092eau d\u00e9grade doucement. A&rsquo; la plage vous trouverez un coin de jeux d\u0092enfants, les champs de beach volley, basket et p\u00e9tanque.[\/vc_toggle][vc_toggle title=\u00a0\u00bbSERVICE PLAGE\u00a0\u00bb style=\u00a0\u00bbsquare\u00a0\u00bb color=\u00a0\u00bbsky\u00a0\u00bb size=\u00a0\u00bblg\u00a0\u00bb]Le service plage n&rsquo;\u0092est pas compris dans le prix, l\u0092&rsquo;h\u00f4tel offre des arrangements aux tarifs avantageuses avec la plage &lsquo; Bagni Gino &lsquo; juste en face et avec acces direct. Si vous n\u0092&rsquo;avez pas r\u00e9serv\u00e9 des transats \u00e0 la plage, vous pourrez les choisir et r\u00e9server le jour d&rsquo;\u0092arriv\u00e9e. Pour le s\u00e9jour de 7 jours en chambre double pour le periode semaine blue: 1 parasol et 2 chaises longues a la plage gratuit par famille a partir de la 4\u00e9me ramg\u00e9e.[\/vc_toggle][vc_toggle title=\u00a0\u00bbTOUT COMPRIS\u00a0\u00bb style=\u00a0\u00bbsquare\u00a0\u00bb color=\u00a0\u00bbsky\u00a0\u00bb size=\u00a0\u00bblg\u00a0\u00bb]<span class=\"tlid-translation translation\"><span title=\"\">Pour les s\u00e9jours d&rsquo;au moins 7 jours<\/span><\/span> il y a la possibilit\u00e9 d&rsquo;un\u00a0 Pack plage: 1 parasol et 2 bains de soleil a partir de la 4\u00e9me rang\u00e9e que doit etre pay\u00e9 directement chez Bagni Gino.<br \/>\nL&rsquo; <span class=\"tlid-translation translation\"><span title=\"\">eau aux repas au restaurant<\/span><\/span> est gratuit.[\/vc_toggle][vc_toggle title=\u00a0\u00bbLES HORAIRES D\u0092OUVERTURE DU RESTAURANT\u00a0\u00bb style=\u00a0\u00bbsquare\u00a0\u00bb color=\u00a0\u00bbsky\u00a0\u00bb size=\u00a0\u00bblg\u00a0\u00bb]Le petit d\u00e9jeuner est servi du 07.45 au 09.45 dans la salle pour le petit d\u00e9jeuner ou a bord de la piscine. Les repas principaux sont servis dans la salle restaurant panoramique climatis\u00e9 au premier \u00e9tage. Le d\u00e9jeuner est servi \u00e0 partir du 13.00 (acces jusqu\u0092au 14.00) et le d\u00eener est servi a partir du 19.30 (acces jusqu\u0092&rsquo;au 20.30).[\/vc_toggle][vc_toggle title=\u00a0\u00bbLES BOISSONS AUX REPAS\u00a0\u00bb style=\u00a0\u00bbsquare\u00a0\u00bb color=\u00a0\u00bbsky\u00a0\u00bb size=\u00a0\u00bblg\u00a0\u00bb]L&rsquo;eau aux repas est comprise. Les autre boissons a payer.[\/vc_toggle][vc_toggle title=\u00a0\u00bbANIMAUX\u00a0\u00bb style=\u00a0\u00bbsquare\u00a0\u00bb color=\u00a0\u00bbsky\u00a0\u00bb size=\u00a0\u00bblg\u00a0\u00bb]Nous acceptons des petits animaux ( max. 14 Kg. ) au prix de \u20ac 3 par jour. Acces dans les espaces communs de l\u0092&rsquo;h\u00f4tel et \u00e0 la plage interdit.[\/vc_toggle][vc_toggle title=\u00a0\u00bbPENALIT\u00c9 SI JE DOIS ANNULLER LA R\u00c9SERVATION ?\u00a0\u00bb style=\u00a0\u00bbsquare\u00a0\u00bb color=\u00a0\u00bbsky\u00a0\u00bb size=\u00a0\u00bblg\u00a0\u00bb]P\u00e9nalit\u00e9 en cas d\u0092&rsquo;annulation: 30 jours avant le d\u00e9but de s\u00e9jour: remboursement de 100% des arrhes vers\u00e9s 30 a 8 jours avant le d\u00e9but de s\u00e9jour: remboursement de 50% des arrhes vers\u00e9s 0 a 7 jours avant le d\u00e9but de s\u00e9jour: aucun remboursement. Les couts de remboursement sont de \u20ac 10.[\/vc_toggle][vc_toggle title=\u00a0\u00bbAVANCER LE D\u00c9PART\u00a0\u00bb style=\u00a0\u00bbsquare\u00a0\u00bb color=\u00a0\u00bbsky\u00a0\u00bb size=\u00a0\u00bblg\u00a0\u00bb]En cas d\u0092arriv\u00e9e diff\u00e9r\u00e9e ou de d\u00e9part anticip\u00e9, seul le prix de la chambre sera port\u00e9 en compte pour les dites p\u00e9riodes.[\/vc_toggle][vc_toggle title=\u00a0\u00bbMODALIT\u00c9 DE PAIEMENT\u00a0\u00bb style=\u00a0\u00bbsquare\u00a0\u00bb color=\u00a0\u00bbsky\u00a0\u00bb size=\u00a0\u00bblg\u00a0\u00bb]Comptant , Travellers-cheques, Cartes de cr\u00e9dit Visa, Mastercard, Eurocard Maestro.[\/vc_toggle][vc_toggle title=\u00a0\u00bbEST-CE QUE L&rsquo;HOTEL DISPOSE DU WI-FI ?\u00a0\u00bb style=\u00a0\u00bbsquare\u00a0\u00bb color=\u00a0\u00bbsky\u00a0\u00bb size=\u00a0\u00bblg\u00a0\u00bb]Il ya un service wireless gratuit.[\/vc_toggle][\/vc_column][\/vc_row]<\/p>\n<\/div>","protected":false},"excerpt":{"rendered":"<p>[vc_row full_width=\u00a0\u00bbstretch_row_content_no_spaces\u00a0\u00bb css=\u00a0\u00bb.vc_custom_1497433955691{margin-bottom: 0px !important;}\u00a0\u00bb][vc_column][\/vc_column][\/vc_row][vc_row full_width=\u00a0\u00bbstretch_row\u00a0\u00bb css=\u00a0\u00bb.vc_custom_1582027466182{background: #dff0fc url(https:\/\/hotelspiaggia.com\/wp-content\/uploads\/2020\/02\/S-home.png?id=1505) !important;background-position: 0 0 !important;background-repeat: no-repeat !important;}\u00a0\u00bb][vc_column][vc_empty_space][vc_custom_heading text=\u00a0\u00bbQuestions fr\u00e9quemment pos\u00e9es\u00a0\u00bb font_container=\u00a0\u00bbtag:h1|font_size:41px|text_align:center\u00a0\u00bb use_theme_fonts=\u00a0\u00bbyes\u00a0\u00bb][vc_custom_heading text=\u00a0\u00bbLA GARANTIE DE PLUS DE 50 ANS DE COURTOISIE\u00a0\u00bb font_container=\u00a0\u00bbtag:h3|text_align:center|color:%23e00202&Prime; use_theme_fonts=\u00a0\u00bbyes\u00a0\u00bb][vc_empty_space height=\u00a0\u00bb52px\u00a0\u00bb][vc_toggle title=\u00a0\u00bbLA POSITION DE L\u0092&rsquo;HOTEL\u00a0\u00bb style=\u00a0\u00bbsquare\u00a0\u00bb color=\u00a0\u00bbsky\u00a0\u00bb size=\u00a0\u00bblg\u00a0\u00bb open=\u00a0\u00bbtrue\u00a0\u00bb css_animation=\u00a0\u00bbnone\u00a0\u00bb]Sur la plage avec acces direct, sans rues a traverser. L&rsquo;\u0092h\u00f4tel est plac\u00e9, a 10&hellip;<\/p>\n","protected":false},"author":1,"featured_media":0,"parent":0,"menu_order":0,"comment_status":"closed","ping_status":"closed","template":"","meta":{"footnotes":""},"class_list":["post-3704","page","type-page","status-publish","hentry"],"yoast_head":"<!-- This site is optimized with the Yoast SEO plugin v27.0 - https:\/\/yoast.com\/product\/yoast-seo-wordpress\/ -->\n<title>Faq - Hotel Pesaro con Piscina 3 Stelle sul Mare<\/title>\n<meta name=\"robots\" content=\"index, follow, max-snippet:-1, max-image-preview:large, max-video-preview:-1\" \/>\n<link rel=\"canonical\" href=\"https:\/\/hotelspiaggia.com\/faq\/\" \/>\n<meta property=\"og:locale\" content=\"fr_FR\" \/>\n<meta property=\"og:type\" content=\"article\" \/>\n<meta property=\"og:title\" content=\"Faq - Hotel Pesaro con Piscina 3 Stelle sul Mare\" \/>\n<meta property=\"og:description\" content=\"[vc_row full_width=\u00a0\u00bbstretch_row_content_no_spaces\u00a0\u00bb css=\u00a0\u00bb.vc_custom_1497433955691{margin-bottom: 0px !important;}\u00a0\u00bb][vc_column][\/vc_column][\/vc_row][vc_row full_width=\u00a0\u00bbstretch_row\u00a0\u00bb css=\u00a0\u00bb.vc_custom_1582027466182{background: #dff0fc url(https:\/\/hotelspiaggia.com\/wp-content\/uploads\/2020\/02\/S-home.png?id=1505) !important;background-position: 0 0 !important;background-repeat: no-repeat !important;}\u00a0\u00bb][vc_column][vc_empty_space][vc_custom_heading text=\u00a0\u00bbQuestions fr\u00e9quemment pos\u00e9es\u00a0\u00bb font_container=\u00a0\u00bbtag:h1|font_size:41px|text_align:center\u00a0\u00bb use_theme_fonts=\u00a0\u00bbyes\u00a0\u00bb][vc_custom_heading text=\u00a0\u00bbLA GARANTIE DE PLUS DE 50 ANS DE COURTOISIE\u00a0\u00bb font_container=\u00a0\u00bbtag:h3|text_align:center|color:%23e00202&Prime; use_theme_fonts=\u00a0\u00bbyes\u00a0\u00bb][vc_empty_space height=\u00a0\u00bb52px\u00a0\u00bb][vc_toggle title=\u00a0\u00bbLA POSITION DE L\u0092&rsquo;HOTEL\u00a0\u00bb style=\u00a0\u00bbsquare\u00a0\u00bb color=\u00a0\u00bbsky\u00a0\u00bb size=\u00a0\u00bblg\u00a0\u00bb open=\u00a0\u00bbtrue\u00a0\u00bb css_animation=\u00a0\u00bbnone\u00a0\u00bb]Sur la plage avec acces direct, sans rues a traverser. L&rsquo;\u0092h\u00f4tel est plac\u00e9, a 10&hellip;\" \/>\n<meta property=\"og:url\" content=\"https:\/\/hotelspiaggia.com\/faq\/\" \/>\n<meta property=\"og:site_name\" content=\"Hotel Pesaro con Piscina 3 Stelle sul Mare\" \/>\n<meta property=\"article:publisher\" content=\"https:\/\/www.facebook.com\/hotelspiaggiapesaro\/\" \/>\n<meta property=\"article:modified_time\" content=\"2023-12-07T10:30:34+00:00\" \/>\n<meta name=\"twitter:card\" content=\"summary_large_image\" \/>\n<meta name=\"twitter:label1\" content=\"Dur\u00e9e de lecture estim\u00e9e\" \/>\n\t<meta name=\"twitter:data1\" content=\"5 minutes\" \/>\n<!-- \/ Yoast SEO plugin. -->","yoast_head_json":{"title":"Faq - Hotel Pesaro con Piscina 3 Stelle sul Mare","robots":{"index":"index","follow":"follow","max-snippet":"max-snippet:-1","max-image-preview":"max-image-preview:large","max-video-preview":"max-video-preview:-1"},"canonical":"https:\/\/hotelspiaggia.com\/faq\/","og_locale":"fr_FR","og_type":"article","og_title":"Faq - Hotel Pesaro con Piscina 3 Stelle sul Mare","og_description":"[vc_row full_width=\u00a0\u00bbstretch_row_content_no_spaces\u00a0\u00bb css=\u00a0\u00bb.vc_custom_1497433955691{margin-bottom: 0px !important;}\u00a0\u00bb][vc_column][\/vc_column][\/vc_row][vc_row full_width=\u00a0\u00bbstretch_row\u00a0\u00bb css=\u00a0\u00bb.vc_custom_1582027466182{background: #dff0fc url(https:\/\/hotelspiaggia.com\/wp-content\/uploads\/2020\/02\/S-home.png?id=1505) !important;background-position: 0 0 !important;background-repeat: no-repeat !important;}\u00a0\u00bb][vc_column][vc_empty_space][vc_custom_heading text=\u00a0\u00bbQuestions fr\u00e9quemment pos\u00e9es\u00a0\u00bb font_container=\u00a0\u00bbtag:h1|font_size:41px|text_align:center\u00a0\u00bb use_theme_fonts=\u00a0\u00bbyes\u00a0\u00bb][vc_custom_heading text=\u00a0\u00bbLA GARANTIE DE PLUS DE 50 ANS DE COURTOISIE\u00a0\u00bb font_container=\u00a0\u00bbtag:h3|text_align:center|color:%23e00202&Prime; use_theme_fonts=\u00a0\u00bbyes\u00a0\u00bb][vc_empty_space height=\u00a0\u00bb52px\u00a0\u00bb][vc_toggle title=\u00a0\u00bbLA POSITION DE L\u0092&rsquo;HOTEL\u00a0\u00bb style=\u00a0\u00bbsquare\u00a0\u00bb color=\u00a0\u00bbsky\u00a0\u00bb size=\u00a0\u00bblg\u00a0\u00bb open=\u00a0\u00bbtrue\u00a0\u00bb css_animation=\u00a0\u00bbnone\u00a0\u00bb]Sur la plage avec acces direct, sans rues a traverser. L&rsquo;\u0092h\u00f4tel est plac\u00e9, a 10&hellip;","og_url":"https:\/\/hotelspiaggia.com\/faq\/","og_site_name":"Hotel Pesaro con Piscina 3 Stelle sul Mare","article_publisher":"https:\/\/www.facebook.com\/hotelspiaggiapesaro\/","article_modified_time":"2023-12-07T10:30:34+00:00","twitter_card":"summary_large_image","twitter_misc":{"Dur\u00e9e de lecture estim\u00e9e":"5 minutes"},"schema":{"@context":"https:\/\/schema.org","@graph":[{"@type":"WebPage","@id":"https:\/\/hotelspiaggia.com\/faq\/","url":"https:\/\/hotelspiaggia.com\/faq\/","name":"Faq - Hotel Pesaro con Piscina 3 Stelle sul Mare","isPartOf":{"@id":"https:\/\/hotelspiaggia.com\/#website"},"datePublished":"2020-03-31T10:48:20+00:00","dateModified":"2023-12-07T10:30:34+00:00","breadcrumb":{"@id":"https:\/\/hotelspiaggia.com\/faq\/#breadcrumb"},"inLanguage":"fr-FR","potentialAction":[{"@type":"ReadAction","target":["https:\/\/hotelspiaggia.com\/faq\/"]}]},{"@type":"BreadcrumbList","@id":"https:\/\/hotelspiaggia.com\/faq\/#breadcrumb","itemListElement":[{"@type":"ListItem","position":1,"name":"Home","item":"https:\/\/hotelspiaggia.com\/fr\/"},{"@type":"ListItem","position":2,"name":"Faq"}]},{"@type":"WebSite","@id":"https:\/\/hotelspiaggia.com\/#website","url":"https:\/\/hotelspiaggia.com\/","name":"https:\/\/hotelspiaggia.com\/","description":"Hotel Spiaggia Pesaro","publisher":{"@id":"https:\/\/hotelspiaggia.com\/#organization"},"potentialAction":[{"@type":"SearchAction","target":{"@type":"EntryPoint","urlTemplate":"https:\/\/hotelspiaggia.com\/?s={search_term_string}"},"query-input":{"@type":"PropertyValueSpecification","valueRequired":true,"valueName":"search_term_string"}}],"inLanguage":"fr-FR"},{"@type":"Organization","@id":"https:\/\/hotelspiaggia.com\/#organization","name":"Hotel Spiaggia Pesaro","url":"https:\/\/hotelspiaggia.com\/","logo":{"@type":"ImageObject","inLanguage":"fr-FR","@id":"https:\/\/hotelspiaggia.com\/#\/schema\/logo\/image\/","url":"https:\/\/hotelspiaggia.com\/wp-content\/uploads\/2020\/04\/spiaggia-logo-home.png","contentUrl":"https:\/\/hotelspiaggia.com\/wp-content\/uploads\/2020\/04\/spiaggia-logo-home.png","width":436,"height":130,"caption":"Hotel Spiaggia Pesaro"},"image":{"@id":"https:\/\/hotelspiaggia.com\/#\/schema\/logo\/image\/"},"sameAs":["https:\/\/www.facebook.com\/hotelspiaggiapesaro\/","https:\/\/www.instagram.com\/hotelspiaggiapesaro\/"]}]}},"_links":{"self":[{"href":"https:\/\/hotelspiaggia.com\/fr\/wp-json\/wp\/v2\/pages\/3704","targetHints":{"allow":["GET"]}}],"collection":[{"href":"https:\/\/hotelspiaggia.com\/fr\/wp-json\/wp\/v2\/pages"}],"about":[{"href":"https:\/\/hotelspiaggia.com\/fr\/wp-json\/wp\/v2\/types\/page"}],"author":[{"embeddable":true,"href":"https:\/\/hotelspiaggia.com\/fr\/wp-json\/wp\/v2\/users\/1"}],"replies":[{"embeddable":true,"href":"https:\/\/hotelspiaggia.com\/fr\/wp-json\/wp\/v2\/comments?post=3704"}],"version-history":[{"count":0,"href":"https:\/\/hotelspiaggia.com\/fr\/wp-json\/wp\/v2\/pages\/3704\/revisions"}],"wp:attachment":[{"href":"https:\/\/hotelspiaggia.com\/fr\/wp-json\/wp\/v2\/media?parent=3704"}],"curies":[{"name":"wp","href":"https:\/\/api.w.org\/{rel}","templated":true}]}}