{"id":3710,"date":"2020-03-31T12:49:37","date_gmt":"2020-03-31T10:49:37","guid":{"rendered":"https:\/\/hotelspiaggia.com\/?page_id=3710"},"modified":"2020-04-01T11:38:54","modified_gmt":"2020-04-01T09:38:54","slug":"propose","status":"publish","type":"page","link":"https:\/\/hotelspiaggia.com\/fr\/propose\/","title":{"rendered":"Propose"},"content":{"rendered":"<div class=\"wpb-content-wrapper\"><p>[vc_row full_width=\u00a0\u00bbstretch_row_content_no_spaces\u00a0\u00bb css=\u00a0\u00bb.vc_custom_1497433955691{margin-bottom: 0px !important;}\u00a0\u00bb][vc_column]\n\t\t\t<!-- START Pacchetti offerte REVOLUTION SLIDER 6.7.25 --><p class=\"rs-p-wp-fix\"><\/p>\n\t\t\t<rs-module-wrap id=\"rev_slider_7_1_wrapper\" data-source=\"gallery\" style=\"visibility:hidden;background:#1f1d24;padding:0;margin:0px auto;margin-top:0;margin-bottom:0;\">\n\t\t\t\t<rs-module id=\"rev_slider_7_1\" style=\"\" data-version=\"6.7.25\">\n\t\t\t\t\t<rs-slides style=\"overflow: hidden; position: absolute;\">\n\t\t\t\t\t\t<rs-slide style=\"position: absolute;\" data-key=\"rs-29\" data-title=\"Greece\" data-thumb=\"\/\/hotelspiaggia.com\/wp-content\/uploads\/2020\/02\/DSC_4353-100x50.jpg\" data-anim=\"ms:2300;r:0;p:dark;\" data-in=\"o:0;\" data-out=\"o:0;\" data-p1=\"01\">\n\t\t\t\t\t\t\t<img decoding=\"async\" src=\"\/\/hotelspiaggia.com\/wp-content\/plugins\/revslider\/sr6\/assets\/assets\/dummy.png\" alt=\"\" title=\"hotel spiaggia divertimento in piscina\" width=\"1000\" height=\"667\" class=\"rev-slidebg tp-rs-img rs-lazyload\" data-lazyload=\"\/\/hotelspiaggia.com\/wp-content\/uploads\/2020\/02\/DSC_4353.jpg\" data-bg=\"p:0% 15%;\" data-parallax=\"3\" data-no-retina>\n<!---->\t\t\t\t\t<\/rs-slide>\n\t\t\t\t\t\t<rs-slide style=\"position: absolute;\" data-key=\"rs-30\" data-title=\"City Break\" data-thumb=\"\/\/hotelspiaggia.com\/wp-content\/uploads\/2020\/02\/DSC_4389-100x50.jpg\" data-anim=\"r:0;p:dark;\" data-in=\"o:0;\" data-out=\"o:0;\" data-p1=\"01\">\n\t\t\t\t\t\t\t<img decoding=\"async\" src=\"\/\/hotelspiaggia.com\/wp-content\/plugins\/revslider\/sr6\/assets\/assets\/dummy.png\" alt=\"\" title=\"hotel spiaggia piscina spazio relax\" width=\"1000\" height=\"667\" class=\"rev-slidebg tp-rs-img rs-lazyload\" data-lazyload=\"\/\/hotelspiaggia.com\/wp-content\/uploads\/2020\/02\/DSC_4389.jpg\" data-parallax=\"3\" data-no-retina>\n<!---->\t\t\t\t\t<\/rs-slide>\n\t\t\t\t\t\t<rs-slide style=\"position: absolute;\" data-key=\"rs-31\" data-title=\"Croatia\" data-thumb=\"\/\/hotelspiaggia.com\/wp-content\/uploads\/2020\/02\/SAN-BARTOLO-GIRASOLI-100x50.jpg\" data-anim=\"ms:2300;r:0;p:dark;\" data-in=\"o:0;\" data-out=\"o:0;\" data-p1=\"01\">\n\t\t\t\t\t\t\t<img decoding=\"async\" src=\"\/\/hotelspiaggia.com\/wp-content\/plugins\/revslider\/sr6\/assets\/assets\/dummy.png\" alt=\"\" title=\"hotel spiaggia veduta colle san bartolo\" width=\"1600\" height=\"1064\" class=\"rev-slidebg tp-rs-img rs-lazyload\" data-lazyload=\"\/\/hotelspiaggia.com\/wp-content\/uploads\/2020\/02\/SAN-BARTOLO-GIRASOLI.jpg\" data-bg=\"p:center top;\" data-parallax=\"3\" data-no-retina>\n<!---->\t\t\t\t\t<\/rs-slide>\n\t\t\t\t\t<\/rs-slides>\n\t\t\t\t<\/rs-module>\n\t\t\t\t<script>\n\t\t\t\t\tsetREVStartSize({c: 'rev_slider_7_1',rl:[1240,1024,778,480],el:[568,768,960,720],gw:[1240,1024,778,480],gh:[568,468,550,450],type:'standard',justify:'',layout:'fullwidth',mh:\"0\"});if (window.RS_MODULES!==undefined && window.RS_MODULES.modules!==undefined && window.RS_MODULES.modules[\"revslider71\"]!==undefined) {window.RS_MODULES.modules[\"revslider71\"].once = false;window.revapi7 = undefined;if (window.RS_MODULES.checkMinimal!==undefined) window.RS_MODULES.checkMinimal()}\n\t\t\t\t<\/script>\n\t\t\t<\/rs-module-wrap>\n\t\t\t<!-- END REVOLUTION SLIDER -->\n[\/vc_column][\/vc_row][vc_row full_width=\u00a0\u00bbstretch_row_content\u00a0\u00bb css=\u00a0\u00bb.vc_custom_1582887422382{background-position: 0 0 !important;background-repeat: no-repeat !important;}\u00a0\u00bb][vc_column][vc_empty_space height=\u00a0\u00bb12px\u00a0\u00bb][vc_custom_heading text=\u00a0\u00bbR\u00e9servez vos vacances \u00e0 la plage \u00e0 l&rsquo;avance\u00a0\u00bb font_container=\u00a0\u00bbtag:h1|font_size:41px|text_align:center\u00a0\u00bb use_theme_fonts=\u00a0\u00bbyes\u00a0\u00bb][vc_custom_heading text=\u00a0\u00bbVACANCES \u00c0 LA PLAGE \u00c0 PESARO. D\u00c9COUVREZ LES MEILLEURES OFFRES. \u00a0\u00bb font_container=\u00a0\u00bbtag:h3|text_align:center|color:%23e00202&Prime; use_theme_fonts=\u00a0\u00bbyes\u00a0\u00bb][\/vc_column][\/vc_row][vc_row full_height=\u00a0\u00bbyes\u00a0\u00bb][vc_column][vc_empty_space height=\u00a0\u00bb52px\u00a0\u00bb][lab_blog_posts columns=\u00a0\u00bb2&Prime; hover_layer_icon=\u00a0\u00bbcustom\u00a0\u00bb blog_query=\u00a0\u00bbsize:All|order_by:date|post_type:post|categories:57&Prime;][vc_empty_space height=\u00a0\u00bb52px\u00a0\u00bb][\/vc_column][\/vc_row]<\/p>\n<\/div>","protected":false},"excerpt":{"rendered":"<p>[vc_row full_width=\u00a0\u00bbstretch_row_content_no_spaces\u00a0\u00bb css=\u00a0\u00bb.vc_custom_1497433955691{margin-bottom: 0px !important;}\u00a0\u00bb][vc_column][\/vc_column][\/vc_row][vc_row full_width=\u00a0\u00bbstretch_row_content\u00a0\u00bb css=\u00a0\u00bb.vc_custom_1582887422382{background-position: 0 0 !important;background-repeat: no-repeat !important;}\u00a0\u00bb][vc_column][vc_empty_space height=\u00a0\u00bb12px\u00a0\u00bb][vc_custom_heading text=\u00a0\u00bbR\u00e9servez vos vacances \u00e0 la plage \u00e0 l&rsquo;avance\u00a0\u00bb font_container=\u00a0\u00bbtag:h1|font_size:41px|text_align:center\u00a0\u00bb use_theme_fonts=\u00a0\u00bbyes\u00a0\u00bb][vc_custom_heading text=\u00a0\u00bbVACANCES \u00c0 LA PLAGE \u00c0 PESARO. D\u00c9COUVREZ LES MEILLEURES OFFRES. \u00a0\u00bb font_container=\u00a0\u00bbtag:h3|text_align:center|color:%23e00202&Prime; use_theme_fonts=\u00a0\u00bbyes\u00a0\u00bb][\/vc_column][\/vc_row][vc_row full_height=\u00a0\u00bbyes\u00a0\u00bb][vc_column][vc_empty_space height=\u00a0\u00bb52px\u00a0\u00bb][lab_blog_posts columns=\u00a0\u00bb2&Prime; hover_layer_icon=\u00a0\u00bbcustom\u00a0\u00bb blog_query=\u00a0\u00bbsize:All|order_by:date|post_type:post|categories:57&Prime;][vc_empty_space height=\u00a0\u00bb52px\u00a0\u00bb][\/vc_column][\/vc_row]<\/p>\n","protected":false},"author":1,"featured_media":0,"parent":0,"menu_order":0,"comment_status":"closed","ping_status":"closed","template":"","meta":{"footnotes":""},"class_list":["post-3710","page","type-page","status-publish","hentry"],"yoast_head":"<!-- This site is optimized with the Yoast SEO plugin v27.0 - https:\/\/yoast.com\/product\/yoast-seo-wordpress\/ -->\n<title>Propose - Hotel Pesaro con Piscina 3 Stelle sul Mare<\/title>\n<meta name=\"robots\" content=\"index, follow, max-snippet:-1, max-image-preview:large, max-video-preview:-1\" \/>\n<link rel=\"canonical\" href=\"https:\/\/hotelspiaggia.com\/offerte-vacanze-pesaro\/\" \/>\n<meta property=\"og:locale\" content=\"fr_FR\" \/>\n<meta property=\"og:type\" content=\"article\" \/>\n<meta property=\"og:title\" content=\"Propose - Hotel Pesaro con Piscina 3 Stelle sul Mare\" \/>\n<meta property=\"og:description\" content=\"[vc_row full_width=\u00a0\u00bbstretch_row_content_no_spaces\u00a0\u00bb css=\u00a0\u00bb.vc_custom_1497433955691{margin-bottom: 0px !important;}\u00a0\u00bb][vc_column][\/vc_column][\/vc_row][vc_row full_width=\u00a0\u00bbstretch_row_content\u00a0\u00bb css=\u00a0\u00bb.vc_custom_1582887422382{background-position: 0 0 !important;background-repeat: no-repeat !important;}\u00a0\u00bb][vc_column][vc_empty_space height=\u00a0\u00bb12px\u00a0\u00bb][vc_custom_heading text=\u00a0\u00bbR\u00e9servez vos vacances \u00e0 la plage \u00e0 l&rsquo;avance\u00a0\u00bb font_container=\u00a0\u00bbtag:h1|font_size:41px|text_align:center\u00a0\u00bb use_theme_fonts=\u00a0\u00bbyes\u00a0\u00bb][vc_custom_heading text=\u00a0\u00bbVACANCES \u00c0 LA PLAGE \u00c0 PESARO. D\u00c9COUVREZ LES MEILLEURES OFFRES. \u00a0\u00bb font_container=\u00a0\u00bbtag:h3|text_align:center|color:%23e00202&Prime; use_theme_fonts=\u00a0\u00bbyes\u00a0\u00bb][\/vc_column][\/vc_row][vc_row full_height=\u00a0\u00bbyes\u00a0\u00bb][vc_column][vc_empty_space height=\u00a0\u00bb52px\u00a0\u00bb][lab_blog_posts columns=\u00a0\u00bb2&Prime; hover_layer_icon=\u00a0\u00bbcustom\u00a0\u00bb blog_query=\u00a0\u00bbsize:All|order_by:date|post_type:post|categories:57&Prime;][vc_empty_space height=\u00a0\u00bb52px\u00a0\u00bb][\/vc_column][\/vc_row]\" \/>\n<meta property=\"og:url\" content=\"https:\/\/hotelspiaggia.com\/offerte-vacanze-pesaro\/\" \/>\n<meta property=\"og:site_name\" content=\"Hotel Pesaro con Piscina 3 Stelle sul Mare\" \/>\n<meta property=\"article:publisher\" content=\"https:\/\/www.facebook.com\/hotelspiaggiapesaro\/\" \/>\n<meta property=\"article:modified_time\" content=\"2020-04-01T09:38:54+00:00\" \/>\n<meta name=\"twitter:card\" content=\"summary_large_image\" \/>\n<meta name=\"twitter:label1\" content=\"Dur\u00e9e de lecture estim\u00e9e\" \/>\n\t<meta name=\"twitter:data1\" content=\"1 minute\" \/>\n<!-- \/ Yoast SEO plugin. -->","yoast_head_json":{"title":"Propose - Hotel Pesaro con Piscina 3 Stelle sul Mare","robots":{"index":"index","follow":"follow","max-snippet":"max-snippet:-1","max-image-preview":"max-image-preview:large","max-video-preview":"max-video-preview:-1"},"canonical":"https:\/\/hotelspiaggia.com\/offerte-vacanze-pesaro\/","og_locale":"fr_FR","og_type":"article","og_title":"Propose - Hotel Pesaro con Piscina 3 Stelle sul Mare","og_description":"[vc_row full_width=\u00a0\u00bbstretch_row_content_no_spaces\u00a0\u00bb css=\u00a0\u00bb.vc_custom_1497433955691{margin-bottom: 0px !important;}\u00a0\u00bb][vc_column][\/vc_column][\/vc_row][vc_row full_width=\u00a0\u00bbstretch_row_content\u00a0\u00bb css=\u00a0\u00bb.vc_custom_1582887422382{background-position: 0 0 !important;background-repeat: no-repeat !important;}\u00a0\u00bb][vc_column][vc_empty_space height=\u00a0\u00bb12px\u00a0\u00bb][vc_custom_heading text=\u00a0\u00bbR\u00e9servez vos vacances \u00e0 la plage \u00e0 l&rsquo;avance\u00a0\u00bb font_container=\u00a0\u00bbtag:h1|font_size:41px|text_align:center\u00a0\u00bb use_theme_fonts=\u00a0\u00bbyes\u00a0\u00bb][vc_custom_heading text=\u00a0\u00bbVACANCES \u00c0 LA PLAGE \u00c0 PESARO. D\u00c9COUVREZ LES MEILLEURES OFFRES. \u00a0\u00bb font_container=\u00a0\u00bbtag:h3|text_align:center|color:%23e00202&Prime; use_theme_fonts=\u00a0\u00bbyes\u00a0\u00bb][\/vc_column][\/vc_row][vc_row full_height=\u00a0\u00bbyes\u00a0\u00bb][vc_column][vc_empty_space height=\u00a0\u00bb52px\u00a0\u00bb][lab_blog_posts columns=\u00a0\u00bb2&Prime; hover_layer_icon=\u00a0\u00bbcustom\u00a0\u00bb blog_query=\u00a0\u00bbsize:All|order_by:date|post_type:post|categories:57&Prime;][vc_empty_space height=\u00a0\u00bb52px\u00a0\u00bb][\/vc_column][\/vc_row]","og_url":"https:\/\/hotelspiaggia.com\/offerte-vacanze-pesaro\/","og_site_name":"Hotel Pesaro con Piscina 3 Stelle sul Mare","article_publisher":"https:\/\/www.facebook.com\/hotelspiaggiapesaro\/","article_modified_time":"2020-04-01T09:38:54+00:00","twitter_card":"summary_large_image","twitter_misc":{"Dur\u00e9e de lecture estim\u00e9e":"1 minute"},"schema":{"@context":"https:\/\/schema.org","@graph":[{"@type":"WebPage","@id":"https:\/\/hotelspiaggia.com\/offerte-vacanze-pesaro\/","url":"https:\/\/hotelspiaggia.com\/offerte-vacanze-pesaro\/","name":"Propose - Hotel Pesaro con Piscina 3 Stelle sul Mare","isPartOf":{"@id":"https:\/\/hotelspiaggia.com\/#website"},"datePublished":"2020-03-31T10:49:37+00:00","dateModified":"2020-04-01T09:38:54+00:00","breadcrumb":{"@id":"https:\/\/hotelspiaggia.com\/offerte-vacanze-pesaro\/#breadcrumb"},"inLanguage":"fr-FR","potentialAction":[{"@type":"ReadAction","target":["https:\/\/hotelspiaggia.com\/offerte-vacanze-pesaro\/"]}]},{"@type":"BreadcrumbList","@id":"https:\/\/hotelspiaggia.com\/offerte-vacanze-pesaro\/#breadcrumb","itemListElement":[{"@type":"ListItem","position":1,"name":"Home","item":"https:\/\/hotelspiaggia.com\/fr\/"},{"@type":"ListItem","position":2,"name":"Propose"}]},{"@type":"WebSite","@id":"https:\/\/hotelspiaggia.com\/#website","url":"https:\/\/hotelspiaggia.com\/","name":"https:\/\/hotelspiaggia.com\/","description":"Hotel Spiaggia Pesaro","publisher":{"@id":"https:\/\/hotelspiaggia.com\/#organization"},"potentialAction":[{"@type":"SearchAction","target":{"@type":"EntryPoint","urlTemplate":"https:\/\/hotelspiaggia.com\/?s={search_term_string}"},"query-input":{"@type":"PropertyValueSpecification","valueRequired":true,"valueName":"search_term_string"}}],"inLanguage":"fr-FR"},{"@type":"Organization","@id":"https:\/\/hotelspiaggia.com\/#organization","name":"Hotel Spiaggia Pesaro","url":"https:\/\/hotelspiaggia.com\/","logo":{"@type":"ImageObject","inLanguage":"fr-FR","@id":"https:\/\/hotelspiaggia.com\/#\/schema\/logo\/image\/","url":"https:\/\/hotelspiaggia.com\/wp-content\/uploads\/2020\/04\/spiaggia-logo-home.png","contentUrl":"https:\/\/hotelspiaggia.com\/wp-content\/uploads\/2020\/04\/spiaggia-logo-home.png","width":436,"height":130,"caption":"Hotel Spiaggia Pesaro"},"image":{"@id":"https:\/\/hotelspiaggia.com\/#\/schema\/logo\/image\/"},"sameAs":["https:\/\/www.facebook.com\/hotelspiaggiapesaro\/","https:\/\/www.instagram.com\/hotelspiaggiapesaro\/"]}]}},"_links":{"self":[{"href":"https:\/\/hotelspiaggia.com\/fr\/wp-json\/wp\/v2\/pages\/3710","targetHints":{"allow":["GET"]}}],"collection":[{"href":"https:\/\/hotelspiaggia.com\/fr\/wp-json\/wp\/v2\/pages"}],"about":[{"href":"https:\/\/hotelspiaggia.com\/fr\/wp-json\/wp\/v2\/types\/page"}],"author":[{"embeddable":true,"href":"https:\/\/hotelspiaggia.com\/fr\/wp-json\/wp\/v2\/users\/1"}],"replies":[{"embeddable":true,"href":"https:\/\/hotelspiaggia.com\/fr\/wp-json\/wp\/v2\/comments?post=3710"}],"version-history":[{"count":0,"href":"https:\/\/hotelspiaggia.com\/fr\/wp-json\/wp\/v2\/pages\/3710\/revisions"}],"wp:attachment":[{"href":"https:\/\/hotelspiaggia.com\/fr\/wp-json\/wp\/v2\/media?parent=3710"}],"curies":[{"name":"wp","href":"https:\/\/api.w.org\/{rel}","templated":true}]}}