{"id":3716,"date":"2020-03-31T12:50:57","date_gmt":"2020-03-31T10:50:57","guid":{"rendered":"https:\/\/hotelspiaggia.com\/?page_id=3716"},"modified":"2025-11-24T10:31:51","modified_gmt":"2025-11-24T09:31:51","slug":"services","status":"publish","type":"page","link":"https:\/\/hotelspiaggia.com\/fr\/services\/","title":{"rendered":"Services"},"content":{"rendered":"<div class=\"wpb-content-wrapper\"><p>[vc_row full_width=\u00a0\u00bbstretch_row_content_no_spaces\u00a0\u00bb css=\u00a0\u00bb.vc_custom_1497433955691{margin-bottom: 0px !important;}\u00a0\u00bb][vc_column]\n\t\t\t<!-- START Servizi REVOLUTION SLIDER 6.7.25 --><p class=\"rs-p-wp-fix\"><\/p>\n\t\t\t<rs-module-wrap id=\"rev_slider_3_1_wrapper\" data-source=\"gallery\" style=\"visibility:hidden;background:#1f1d24;padding:0;margin:0px auto;margin-top:0;margin-bottom:0;\">\n\t\t\t\t<rs-module id=\"rev_slider_3_1\" style=\"\" data-version=\"6.7.25\">\n\t\t\t\t\t<rs-slides style=\"overflow: hidden; position: absolute;\">\n\t\t\t\t\t\t<rs-slide style=\"position: absolute;\" data-key=\"rs-14\" data-title=\"City Break\" data-thumb=\"\/\/hotelspiaggia.com\/wp-content\/uploads\/2020\/02\/foto-14-servizi-100x50.jpg\" data-anim=\"r:0;p:dark;\" data-in=\"o:0;\" data-out=\"o:0;\" data-p1=\"01\">\n\t\t\t\t\t\t\t<img decoding=\"async\" src=\"\/\/hotelspiaggia.com\/wp-content\/plugins\/revslider\/sr6\/assets\/assets\/dummy.png\" alt=\"\" title=\"hotel spiaggia servizio spiaggia convenzionata\" width=\"1600\" height=\"1071\" class=\"rev-slidebg tp-rs-img rs-lazyload\" data-lazyload=\"\/\/hotelspiaggia.com\/wp-content\/uploads\/2020\/02\/foto-14-servizi.jpg\" data-parallax=\"3\" data-no-retina>\n<!---->\t\t\t\t\t<\/rs-slide>\n\t\t\t\t\t\t<rs-slide style=\"position: absolute;\" data-key=\"rs-15\" data-title=\"Croatia\" data-thumb=\"\/\/hotelspiaggia.com\/wp-content\/uploads\/2020\/02\/slide-home-5-100x50.jpg\" data-anim=\"ms:2300;r:0;p:dark;\" data-in=\"o:0;\" data-out=\"o:0;\" data-p1=\"01\">\n\t\t\t\t\t\t\t<img decoding=\"async\" src=\"\/\/hotelspiaggia.com\/wp-content\/plugins\/revslider\/sr6\/assets\/assets\/dummy.png\" alt=\"\" title=\"slide-home-5\" width=\"1600\" height=\"1067\" class=\"rev-slidebg tp-rs-img rs-lazyload\" data-lazyload=\"\/\/hotelspiaggia.com\/wp-content\/uploads\/2020\/02\/slide-home-5.jpg\" data-parallax=\"3\" data-no-retina>\n<!---->\t\t\t\t\t<\/rs-slide>\n\t\t\t\t\t<\/rs-slides>\n\t\t\t\t<\/rs-module>\n\t\t\t\t<script>\n\t\t\t\t\tsetREVStartSize({c: 'rev_slider_3_1',rl:[1240,1024,778,480],el:[568,468,460,284],gw:[1240,1024,778,480],gh:[568,468,550,450],type:'standard',justify:'',layout:'fullwidth',mh:\"0\"});if (window.RS_MODULES!==undefined && window.RS_MODULES.modules!==undefined && window.RS_MODULES.modules[\"revslider31\"]!==undefined) {window.RS_MODULES.modules[\"revslider31\"].once = false;window.revapi3 = undefined;if (window.RS_MODULES.checkMinimal!==undefined) window.RS_MODULES.checkMinimal()}\n\t\t\t\t<\/script>\n\t\t\t<\/rs-module-wrap>\n\t\t\t<!-- END REVOLUTION SLIDER -->\n[\/vc_column][\/vc_row][vc_row full_width=\u00a0\u00bbstretch_row_content\u00a0\u00bb css=\u00a0\u00bb.vc_custom_1581668440388{background: #dff0fc url(https:\/\/hotelspiaggia.com\/wp-content\/uploads\/2020\/02\/S-home.png?id=1505) !important;background-position: 0 0 !important;background-repeat: no-repeat !important;}\u00a0\u00bb][vc_column][vc_empty_space height=\u00a0\u00bb12px\u00a0\u00bb][vc_custom_heading text=\u00a0\u00bbServices de l&rsquo;h\u00f4tel Spiaggia\u00a0\u00bb font_container=\u00a0\u00bbtag:h1|font_size:41px|text_align:center\u00a0\u00bb use_theme_fonts=\u00a0\u00bbyes\u00a0\u00bb][vc_custom_heading text=\u00a0\u00bbLA GARANTIE DE PLUS DE 50 ANS DE COURTOISIE\u00a0\u00bb font_container=\u00a0\u00bbtag:h3|text_align:center|color:%23e00202&Prime; use_theme_fonts=\u00a0\u00bbyes\u00a0\u00bb][vc_empty_space][vc_row_inner][vc_column_inner width=\u00a0\u00bb1\/2&Prime;][vc_column_text]<\/p>\n<p style=\"text-align: justify; font-size: 18px;\"><strong>Nouvelle piscine bien-\u00eatre avec zones de d\u00e9tente<\/strong> diff\u00e9rencies, dans un grand jardin avec chaises longues et parasol.<\/p>\n<p style=\"text-align: justify; font-size: 18px;\">Acc\u00e8s direct \u00e0 la plage de sable fin par l&rsquo;entr\u00e9e priv\u00e9e dans notre h\u00f4tel<\/p>\n<p style=\"text-align: justify; font-size: 18px;\">Terrasse panoramique avec Jacuzzi eaux temp\u00e9r\u00e9es.<\/p>\n<p style=\"text-align: justify; font-size: 18px;\">Restaurant panoramique climatis\u00e9.<\/p>\n<p style=\"text-align: justify; font-size: 18px;\">Place enfants int\u00e9rieur et ext\u00e9rieur d\u00e9di\u00e9s \u00e0 les enfants, il y a des jeux pour leur.<\/p>\n<p style=\"text-align: justify; font-size: 18px;\">Parking payant, qui offre 33 places de stationnement r\u00e9servable jusq&rsquo;\u00e0 disponibilit\u00e9.<\/p>\n<p style=\"text-align: justify; font-size: 18px;\">Service location des v\u00e9los.<\/p>\n<p style=\"text-align: justify; font-size: 18px;\">WI Fi gratuit.<\/p>\n<p>[\/vc_column_text][\/vc_column_inner][vc_column_inner width=\u00a0\u00bb1\/2&Prime;][vc_column_text]<\/p>\n<p style=\"text-align: justify; font-size: 18px;\"><span class=\"JLqJ4b ChMk0b\" data-language-for-alternatives=\"fr\" data-language-to-translate-into=\"auto\" data-phrase-index=\"0\"><strong>Depuis plus de 60 ans,<\/strong> la famille Berti dirige l&rsquo;h\u00f4tel Spiaggia en veillant toujours \u00e0 la courtoisie et au professionnalisme.<\/span> <span class=\"JLqJ4b ChMk0b\" data-language-for-alternatives=\"fr\" data-language-to-translate-into=\"auto\" data-phrase-index=\"2\">60 ans de tradition et d&rsquo;attention sont la garantie de notre engagement \u00e0 fournir les meilleurs services de qualit\u00e9 \u00e0 nos clients.<\/span> <span class=\"JLqJ4b ChMk0b\" data-language-for-alternatives=\"fr\" data-language-to-translate-into=\"auto\" data-phrase-index=\"3\">Nous vous accueillons avec un accueil chaleureux!<\/span><\/p>\n<p>[\/vc_column_text][\/vc_column_inner][\/vc_row_inner][\/vc_column][\/vc_row][vc_row full_width=\u00a0\u00bbstretch_row_content_no_spaces\u00a0\u00bb full_height=\u00a0\u00bbyes\u00a0\u00bb columns_placement=\u00a0\u00bbtop\u00a0\u00bb][vc_column width=\u00a0\u00bb1\/12&Prime;][\/vc_column][vc_column width=\u00a0\u00bb5\/6&Prime;][vc_empty_space height=\u00a0\u00bb52px\u00a0\u00bb][vc_tta_tabs style=\u00a0\u00bbclassic\u00a0\u00bb shape=\u00a0\u00bbsquare\u00a0\u00bb color=\u00a0\u00bbsky\u00a0\u00bb spacing=\u00a0\u00bb\u00a0\u00bb gap=\u00a0\u00bb10&Prime; alignment=\u00a0\u00bbcenter\u00a0\u00bb active_section=\u00a0\u00bb1&Prime; css=\u00a0\u00bb.vc_custom_1763976706697{margin-top: 0px !important;padding-top: 0px !important;}\u00a0\u00bb][vc_tta_section i_icon_fontawesome=\u00a0\u00bbfas fa-swimming-pool\u00a0\u00bb add_icon=\u00a0\u00bbtrue\u00a0\u00bb title=\u00a0\u00bbSwimming pool\u00a0\u00bb tab_id=\u00a0\u00bb1581597989743-d3b51ae3-a9ff\u00a0\u00bb][vc_empty_space height=\u00a0\u00bb20px\u00a0\u00bb][vc_row_inner][vc_column_inner][vc_column_text]Pour des moments de relax pendant vos vacances, vous trouverez chez l\u2019hotel Spiaggia la nouvelle grande piscine avec zones de d\u00e9tente et de bien-\u00eatre diff\u00e9renci\u00e9s : jacuzzi, massage du cou , total body ,jacuzzi transat sur bord de mer et enti\u00e8rement int\u00e9gr\u00e9e dans un grand jardin avec chaises longues , parasols , et soleil de la mi- matin jusqu&rsquo;au coucher du soleil .<\/p>\n<div style=\"text-align: center;\"><strong><span style=\"color: #00ccff;\"><a style=\"color: #00ccff;\">OUVERT du 10,00 au 20,00<\/a><\/span><\/strong><\/div>\n<p>[\/vc_column_text][vc_empty_space][vc_gallery type=\u00a0\u00bbimage_grid\u00a0\u00bb images=\u00a0\u00bb12515,12531,12551,12527,12543,12535,12539,12547,1754,12591,1753,1730,1729,1670,1671,1662,3687,1791,1793,1794,1795,1796,1797,1798,1804,1805,1803,1802,1801,1800,1799&Prime; img_size=\u00a0\u00bb220&#215;160&Prime; css=\u00a0\u00bb.vc_custom_1723106504299{margin-right: 0px !important;margin-left: 0px !important;padding-right: 0px !important;padding-left: 0px !important;}\u00a0\u00bb][\/vc_column_inner][\/vc_row_inner][\/vc_tta_section][vc_tta_section i_icon_fontawesome=\u00a0\u00bbfas fa-utensils\u00a0\u00bb add_icon=\u00a0\u00bbtrue\u00a0\u00bb title=\u00a0\u00bbRestaurant\u00a0\u00bb tab_id=\u00a0\u00bb1723105287044-1ccf56be-762b\u00a0\u00bb][vc_column_text]<\/p>\n<p style=\"text-align: center;\">Dans notre restaurant climatis\u00e9 avec vue sur la mer, vous pourrez profiter du petit-d\u00e9jeuner buffet sucr\u00e9 et sal\u00e9 que nous vous proposons chaque matin.<br \/>\nAu d\u00e9jeuner et au d\u00eener, en plus du buffet d&rsquo;entr\u00e9es et de salades et l\u00e9gumes, vous trouverez la proposition du jour avec des plats italiens traditionnels et des plats typiques r\u00e9gionaux.[\/vc_column_text][vc_empty_space][vc_gallery type=\u00a0\u00bbimage_grid\u00a0\u00bb images=\u00a0\u00bb12611,12607,12603,12599,12587,12583,12579,12575,12571,12567,12563,12559,12507,12511,12499,12503&Prime; img_size=\u00a0\u00bb220&#215;160&Prime; css=\u00a0\u00bb.vc_custom_1723106512370{margin-right: 0px !important;margin-left: 0px !important;padding-right: 0px !important;padding-left: 0px !important;background-position: center !important;background-repeat: no-repeat !important;background-size: contain !important;}\u00a0\u00bb][\/vc_tta_section][vc_tta_section i_icon_fontawesome=\u00a0\u00bbfas fa-umbrella-beach\u00a0\u00bb add_icon=\u00a0\u00bbtrue\u00a0\u00bb title=\u00a0\u00bbPlage\u00a0\u00bb tab_id=\u00a0\u00bb1581597987167-ea5a1b72-0007&Prime;][vc_empty_space height=\u00a0\u00bb20px\u00a0\u00bb][vc_row_inner][vc_column_inner][vc_column_text]<\/p>\n<p style=\"text-align: center;\">Profitez d&rsquo;un acc\u00e8s direct \u00e0 la plage \u00e0 travers l&rsquo; entr\u00e9e priv\u00e9e dans notre h\u00f4tel et vous trouverez une plage enti\u00e8rement r\u00e9nov\u00e9e en toutes ses installations avec cabines , parasols et chaises longues , un snack- bar \/ restaurant, salle d&rsquo;urgence ; Parmi les nombreux services \u00e0 votre disposition\u00a0: jeux pour enfants , beach-volley , beach tennis, beach basket-ball , football , bowling, \u00e9cole de planche \u00e0 voile, avec service de s\u00e9curit\u00e9 et de sauvetage. La grande plage de sable et la toile de fond de la mer qui va se d\u00e9grader en font l&rsquo;endroit id\u00e9al pour tout le monde, jeunes et vieux .<\/p>\n<p>[\/vc_column_text][vc_empty_space][vc_gallery type=\u00a0\u00bbimage_grid\u00a0\u00bb images=\u00a0\u00bb1815,1814,1813,1812,3684&Prime; img_size=\u00a0\u00bb220&#215;160&Prime; css=\u00a0\u00bb.vc_custom_1723106519130{margin-right: 0px !important;margin-left: 0px !important;padding-right: 0px !important;padding-left: 0px !important;background-position: center !important;background-repeat: no-repeat !important;background-size: contain !important;}\u00a0\u00bb][\/vc_column_inner][\/vc_row_inner][\/vc_tta_section][vc_tta_section i_icon_fontawesome=\u00a0\u00bbfas fa-shapes\u00a0\u00bb add_icon=\u00a0\u00bbtrue\u00a0\u00bb title=\u00a0\u00bbJeux d\u2019enfants\u00a0\u00bb tab_id=\u00a0\u00bb1581597966613-8577ef8e-3926&Prime;][vc_empty_space height=\u00a0\u00bb20px\u00a0\u00bb][vc_row_inner][vc_column_inner][vc_column_text]<\/p>\n<p style=\"text-align: center;\">EXTERIEURE ET INTERIEURE AREA ENFANTS<\/p>\n<p>Pour les familles il y a des zones int\u00e9rieures et ext\u00e9rieures enti\u00e8rement d\u00e9di\u00e9s \u00e0 nos clients plus jeunes, o\u00f9 vous trouverez des jeux et du mat\u00e9riel pour leur plaisir , o\u00f9 ils pourront jouer et socialiser dans un espace enti\u00e8rement d\u00e9di\u00e9 aux petits.[\/vc_column_text][vc_empty_space][vc_gallery type=\u00a0\u00bbimage_grid\u00a0\u00bb images=\u00a0\u00bb1821&Prime; img_size=\u00a0\u00bb220&#215;160&Prime; css=\u00a0\u00bb.vc_custom_1723106526231{margin-right: 0px !important;margin-left: 0px !important;padding-right: 0px !important;padding-left: 0px !important;background-position: center !important;background-repeat: no-repeat !important;background-size: contain !important;}\u00a0\u00bb][\/vc_column_inner][\/vc_row_inner][\/vc_tta_section][vc_tta_section i_icon_fontawesome=\u00a0\u00bbfas fa-walking\u00a0\u00bb add_icon=\u00a0\u00bbtrue\u00a0\u00bb title=\u00a0\u00bbFitness area\u00a0\u00bb tab_id=\u00a0\u00bb1581597914279-3b56ecf8-6e01&Prime;][vc_empty_space height=\u00a0\u00bb20px\u00a0\u00bb][vc_row_inner][vc_column_inner][vc_column_text]<\/p>\n<p style=\"text-align: center;\">Pour nos clients il y a une petite salle de fitness avec v\u00e9los et tapis roulants, donnant sur le jardin et la mer, \u00e9galement \u00e9quip\u00e9e d&rsquo;une Jacuzzi avec eaux temp\u00e9r\u00e9es. Possibilit\u00e9 de tonification musculaire et gymnastique douce dans la piscine.<\/p>\n<p>[\/vc_column_text][vc_empty_space][vc_gallery type=\u00a0\u00bbimage_grid\u00a0\u00bb images=\u00a0\u00bb1819,1804&Prime; img_size=\u00a0\u00bb220&#215;160&Prime; css=\u00a0\u00bb.vc_custom_1723106532608{margin-right: 0px !important;margin-left: 0px !important;padding-right: 0px !important;padding-left: 0px !important;background-position: center !important;background-repeat: no-repeat !important;background-size: contain !important;}\u00a0\u00bb][\/vc_column_inner][\/vc_row_inner][\/vc_tta_section][vc_tta_section i_icon_fontawesome=\u00a0\u00bbfas fa-bicycle\u00a0\u00bb add_icon=\u00a0\u00bbtrue\u00a0\u00bb title=\u00a0\u00bbVelos\u00a0\u00bb tab_id=\u00a0\u00bb1581597914306-d37bec68-6933&Prime;][vc_empty_space height=\u00a0\u00bb20px\u00a0\u00bb][vc_row_inner][vc_column_inner][vc_column_text]<\/p>\n<p style=\"text-align: center;\">SE DEPLACER LIBREMENT<\/p>\n<p>L\u2019Hotel Spiaggia offre \u00e0 ses clients une service de <span lang=\"fr\">location de v\u00e9los<\/span>, avec lesquels vous pouvez profiter de la grande r\u00e9seau de pistes cyclables ( bicipolitana ), fiert\u00e9 de notre ville, qui vous permettra d&rsquo; explorer et de d\u00e9couvrir le centre de la ville de Pesaro, avec ses \u00e9glises, monuments et palais de la Renaissance.[\/vc_column_text][vc_gallery type=\u00a0\u00bbimage_grid\u00a0\u00bb images=\u00a0\u00bb1820&Prime; img_size=\u00a0\u00bb220&#215;160&Prime; css=\u00a0\u00bb.vc_custom_1723106541288{margin-right: 0px !important;margin-left: 0px !important;padding-right: 0px !important;padding-left: 0px !important;background-position: center !important;background-repeat: no-repeat !important;background-size: contain !important;}\u00a0\u00bb][\/vc_column_inner][\/vc_row_inner][\/vc_tta_section][vc_tta_section i_icon_fontawesome=\u00a0\u00bbfas fa-car-alt\u00a0\u00bb add_icon=\u00a0\u00bbtrue\u00a0\u00bb title=\u00a0\u00bbParking\u00a0\u00bb tab_id=\u00a0\u00bb1581668803193-a0d70e80-47bf\u00a0\u00bb][vc_empty_space height=\u00a0\u00bb20px\u00a0\u00bb][vc_row_inner][vc_column_inner][vc_column_text]<\/p>\n<p style=\"text-align: center;\">Nous avons un parking payant, couvert avec acc\u00e8s par badge \u00e9lectronique, qui offre 33 places de stationnement, ceux-ci peuvent \u00eatre r\u00e9serv\u00e9s jusqu&rsquo;\u00e0 disponibilit\u00e9.<\/p>\n<p>[\/vc_column_text][vc_gallery type=\u00a0\u00bbimage_grid\u00a0\u00bb images=\u00a0\u00bb1727,1792&Prime; img_size=\u00a0\u00bb220&#215;160&Prime; css=\u00a0\u00bb.vc_custom_1723106547617{margin-right: 0px !important;margin-left: 0px !important;padding-right: 0px !important;padding-left: 0px !important;background-position: center !important;background-repeat: no-repeat !important;background-size: contain !important;}\u00a0\u00bb][\/vc_column_inner][\/vc_row_inner][\/vc_tta_section][vc_tta_section i_icon_fontawesome=\u00a0\u00bbfas fa-wifi\u00a0\u00bb add_icon=\u00a0\u00bbtrue\u00a0\u00bb title=\u00a0\u00bbInternet\u00a0\u00bb tab_id=\u00a0\u00bb1581668814696-06b78748-fe90&Prime;][vc_empty_space height=\u00a0\u00bb20px\u00a0\u00bb][vc_row_inner][vc_column_inner][vc_column_text]<\/p>\n<p style=\"text-align: center;\">L&rsquo;h\u00f4tel est couvert par wi-fi , que nous mettons \u00e0 la disposition de nos clients .<\/p>\n<p style=\"text-align: center;\">[\/vc_column_text][vc_gallery type=\u00a0\u00bbimage_grid\u00a0\u00bb images=\u00a0\u00bb1828&Prime; img_size=\u00a0\u00bb220&#215;160&Prime; css=\u00a0\u00bb.vc_custom_1737044938815{margin-right: 0px !important;margin-left: 0px !important;padding-right: 0px !important;padding-left: 0px !important;background-position: center !important;background-repeat: no-repeat !important;background-size: contain !important;}\u00a0\u00bb][\/vc_column_inner][\/vc_row_inner][\/vc_tta_section][\/vc_tta_tabs][vc_empty_space][vc_empty_space height=\u00a0\u00bb52px\u00a0\u00bb][\/vc_column][vc_column width=\u00a0\u00bb1\/12&Prime;][\/vc_column][\/vc_row]<\/p>\n<\/div>","protected":false},"excerpt":{"rendered":"<p>[vc_row full_width=\u00a0\u00bbstretch_row_content_no_spaces\u00a0\u00bb css=\u00a0\u00bb.vc_custom_1497433955691{margin-bottom: 0px !important;}\u00a0\u00bb][vc_column][\/vc_column][\/vc_row][vc_row full_width=\u00a0\u00bbstretch_row_content\u00a0\u00bb css=\u00a0\u00bb.vc_custom_1581668440388{background: #dff0fc url(https:\/\/hotelspiaggia.com\/wp-content\/uploads\/2020\/02\/S-home.png?id=1505) !important;background-position: 0 0 !important;background-repeat: no-repeat !important;}\u00a0\u00bb][vc_column][vc_empty_space height=\u00a0\u00bb12px\u00a0\u00bb][vc_custom_heading text=\u00a0\u00bbServices de l&rsquo;h\u00f4tel Spiaggia\u00a0\u00bb font_container=\u00a0\u00bbtag:h1|font_size:41px|text_align:center\u00a0\u00bb use_theme_fonts=\u00a0\u00bbyes\u00a0\u00bb][vc_custom_heading text=\u00a0\u00bbLA GARANTIE DE PLUS DE 50 ANS DE COURTOISIE\u00a0\u00bb font_container=\u00a0\u00bbtag:h3|text_align:center|color:%23e00202&Prime; use_theme_fonts=\u00a0\u00bbyes\u00a0\u00bb][vc_empty_space][vc_row_inner][vc_column_inner width=\u00a0\u00bb1\/2&Prime;][vc_column_text] Nouvelle piscine bien-\u00eatre avec zones de d\u00e9tente diff\u00e9rencies, dans un grand jardin avec chaises longues et parasol. Acc\u00e8s direct \u00e0 la&hellip;<\/p>\n","protected":false},"author":1,"featured_media":0,"parent":0,"menu_order":0,"comment_status":"closed","ping_status":"closed","template":"","meta":{"footnotes":""},"class_list":["post-3716","page","type-page","status-publish","hentry"],"yoast_head":"<!-- This site is optimized with the Yoast SEO plugin v27.0 - https:\/\/yoast.com\/product\/yoast-seo-wordpress\/ -->\n<title>Services - Hotel Pesaro con Piscina 3 Stelle sul Mare<\/title>\n<meta name=\"robots\" content=\"index, follow, max-snippet:-1, max-image-preview:large, max-video-preview:-1\" \/>\n<link rel=\"canonical\" href=\"https:\/\/hotelspiaggia.com\/fr\/services\/\" \/>\n<meta property=\"og:locale\" content=\"fr_FR\" \/>\n<meta property=\"og:type\" content=\"article\" \/>\n<meta property=\"og:title\" content=\"Services - Hotel Pesaro con Piscina 3 Stelle sul Mare\" \/>\n<meta property=\"og:description\" content=\"[vc_row full_width=\u00a0\u00bbstretch_row_content_no_spaces\u00a0\u00bb css=\u00a0\u00bb.vc_custom_1497433955691{margin-bottom: 0px !important;}\u00a0\u00bb][vc_column][\/vc_column][\/vc_row][vc_row full_width=\u00a0\u00bbstretch_row_content\u00a0\u00bb css=\u00a0\u00bb.vc_custom_1581668440388{background: #dff0fc url(https:\/\/hotelspiaggia.com\/wp-content\/uploads\/2020\/02\/S-home.png?id=1505) !important;background-position: 0 0 !important;background-repeat: no-repeat !important;}\u00a0\u00bb][vc_column][vc_empty_space height=\u00a0\u00bb12px\u00a0\u00bb][vc_custom_heading text=\u00a0\u00bbServices de l&rsquo;h\u00f4tel Spiaggia\u00a0\u00bb font_container=\u00a0\u00bbtag:h1|font_size:41px|text_align:center\u00a0\u00bb use_theme_fonts=\u00a0\u00bbyes\u00a0\u00bb][vc_custom_heading text=\u00a0\u00bbLA GARANTIE DE PLUS DE 50 ANS DE COURTOISIE\u00a0\u00bb font_container=\u00a0\u00bbtag:h3|text_align:center|color:%23e00202&Prime; use_theme_fonts=\u00a0\u00bbyes\u00a0\u00bb][vc_empty_space][vc_row_inner][vc_column_inner width=\u00a0\u00bb1\/2&Prime;][vc_column_text] Nouvelle piscine bien-\u00eatre avec zones de d\u00e9tente diff\u00e9rencies, dans un grand jardin avec chaises longues et parasol. Acc\u00e8s direct \u00e0 la&hellip;\" \/>\n<meta property=\"og:url\" content=\"https:\/\/hotelspiaggia.com\/fr\/services\/\" \/>\n<meta property=\"og:site_name\" content=\"Hotel Pesaro con Piscina 3 Stelle sul Mare\" \/>\n<meta property=\"article:publisher\" content=\"https:\/\/www.facebook.com\/hotelspiaggiapesaro\/\" \/>\n<meta property=\"article:modified_time\" content=\"2025-11-24T09:31:51+00:00\" \/>\n<meta name=\"twitter:card\" content=\"summary_large_image\" \/>\n<meta name=\"twitter:label1\" content=\"Dur\u00e9e de lecture estim\u00e9e\" \/>\n\t<meta name=\"twitter:data1\" content=\"5 minutes\" \/>\n<!-- \/ Yoast SEO plugin. -->","yoast_head_json":{"title":"Services - Hotel Pesaro con Piscina 3 Stelle sul Mare","robots":{"index":"index","follow":"follow","max-snippet":"max-snippet:-1","max-image-preview":"max-image-preview:large","max-video-preview":"max-video-preview:-1"},"canonical":"https:\/\/hotelspiaggia.com\/fr\/services\/","og_locale":"fr_FR","og_type":"article","og_title":"Services - Hotel Pesaro con Piscina 3 Stelle sul Mare","og_description":"[vc_row full_width=\u00a0\u00bbstretch_row_content_no_spaces\u00a0\u00bb css=\u00a0\u00bb.vc_custom_1497433955691{margin-bottom: 0px !important;}\u00a0\u00bb][vc_column][\/vc_column][\/vc_row][vc_row full_width=\u00a0\u00bbstretch_row_content\u00a0\u00bb css=\u00a0\u00bb.vc_custom_1581668440388{background: #dff0fc url(https:\/\/hotelspiaggia.com\/wp-content\/uploads\/2020\/02\/S-home.png?id=1505) !important;background-position: 0 0 !important;background-repeat: no-repeat !important;}\u00a0\u00bb][vc_column][vc_empty_space height=\u00a0\u00bb12px\u00a0\u00bb][vc_custom_heading text=\u00a0\u00bbServices de l&rsquo;h\u00f4tel Spiaggia\u00a0\u00bb font_container=\u00a0\u00bbtag:h1|font_size:41px|text_align:center\u00a0\u00bb use_theme_fonts=\u00a0\u00bbyes\u00a0\u00bb][vc_custom_heading text=\u00a0\u00bbLA GARANTIE DE PLUS DE 50 ANS DE COURTOISIE\u00a0\u00bb font_container=\u00a0\u00bbtag:h3|text_align:center|color:%23e00202&Prime; use_theme_fonts=\u00a0\u00bbyes\u00a0\u00bb][vc_empty_space][vc_row_inner][vc_column_inner width=\u00a0\u00bb1\/2&Prime;][vc_column_text] Nouvelle piscine bien-\u00eatre avec zones de d\u00e9tente diff\u00e9rencies, dans un grand jardin avec chaises longues et parasol. Acc\u00e8s direct \u00e0 la&hellip;","og_url":"https:\/\/hotelspiaggia.com\/fr\/services\/","og_site_name":"Hotel Pesaro con Piscina 3 Stelle sul Mare","article_publisher":"https:\/\/www.facebook.com\/hotelspiaggiapesaro\/","article_modified_time":"2025-11-24T09:31:51+00:00","twitter_card":"summary_large_image","twitter_misc":{"Dur\u00e9e de lecture estim\u00e9e":"5 minutes"},"schema":{"@context":"https:\/\/schema.org","@graph":[{"@type":"WebPage","@id":"https:\/\/hotelspiaggia.com\/fr\/services\/","url":"https:\/\/hotelspiaggia.com\/fr\/services\/","name":"Services - Hotel Pesaro con Piscina 3 Stelle sul Mare","isPartOf":{"@id":"https:\/\/hotelspiaggia.com\/#website"},"datePublished":"2020-03-31T10:50:57+00:00","dateModified":"2025-11-24T09:31:51+00:00","breadcrumb":{"@id":"https:\/\/hotelspiaggia.com\/fr\/services\/#breadcrumb"},"inLanguage":"fr-FR","potentialAction":[{"@type":"ReadAction","target":["https:\/\/hotelspiaggia.com\/fr\/services\/"]}]},{"@type":"BreadcrumbList","@id":"https:\/\/hotelspiaggia.com\/fr\/services\/#breadcrumb","itemListElement":[{"@type":"ListItem","position":1,"name":"Home","item":"https:\/\/hotelspiaggia.com\/fr\/"},{"@type":"ListItem","position":2,"name":"Services"}]},{"@type":"WebSite","@id":"https:\/\/hotelspiaggia.com\/#website","url":"https:\/\/hotelspiaggia.com\/","name":"https:\/\/hotelspiaggia.com\/","description":"Hotel Spiaggia Pesaro","publisher":{"@id":"https:\/\/hotelspiaggia.com\/#organization"},"potentialAction":[{"@type":"SearchAction","target":{"@type":"EntryPoint","urlTemplate":"https:\/\/hotelspiaggia.com\/?s={search_term_string}"},"query-input":{"@type":"PropertyValueSpecification","valueRequired":true,"valueName":"search_term_string"}}],"inLanguage":"fr-FR"},{"@type":"Organization","@id":"https:\/\/hotelspiaggia.com\/#organization","name":"Hotel Spiaggia Pesaro","url":"https:\/\/hotelspiaggia.com\/","logo":{"@type":"ImageObject","inLanguage":"fr-FR","@id":"https:\/\/hotelspiaggia.com\/#\/schema\/logo\/image\/","url":"https:\/\/hotelspiaggia.com\/wp-content\/uploads\/2020\/04\/spiaggia-logo-home.png","contentUrl":"https:\/\/hotelspiaggia.com\/wp-content\/uploads\/2020\/04\/spiaggia-logo-home.png","width":436,"height":130,"caption":"Hotel Spiaggia Pesaro"},"image":{"@id":"https:\/\/hotelspiaggia.com\/#\/schema\/logo\/image\/"},"sameAs":["https:\/\/www.facebook.com\/hotelspiaggiapesaro\/","https:\/\/www.instagram.com\/hotelspiaggiapesaro\/"]}]}},"_links":{"self":[{"href":"https:\/\/hotelspiaggia.com\/fr\/wp-json\/wp\/v2\/pages\/3716","targetHints":{"allow":["GET"]}}],"collection":[{"href":"https:\/\/hotelspiaggia.com\/fr\/wp-json\/wp\/v2\/pages"}],"about":[{"href":"https:\/\/hotelspiaggia.com\/fr\/wp-json\/wp\/v2\/types\/page"}],"author":[{"embeddable":true,"href":"https:\/\/hotelspiaggia.com\/fr\/wp-json\/wp\/v2\/users\/1"}],"replies":[{"embeddable":true,"href":"https:\/\/hotelspiaggia.com\/fr\/wp-json\/wp\/v2\/comments?post=3716"}],"version-history":[{"count":9,"href":"https:\/\/hotelspiaggia.com\/fr\/wp-json\/wp\/v2\/pages\/3716\/revisions"}],"predecessor-version":[{"id":14371,"href":"https:\/\/hotelspiaggia.com\/fr\/wp-json\/wp\/v2\/pages\/3716\/revisions\/14371"}],"wp:attachment":[{"href":"https:\/\/hotelspiaggia.com\/fr\/wp-json\/wp\/v2\/media?parent=3716"}],"curies":[{"name":"wp","href":"https:\/\/api.w.org\/{rel}","templated":true}]}}